{"id":5562,"date":"2026-03-16T11:41:43","date_gmt":"2026-03-16T09:41:43","guid":{"rendered":"https:\/\/twodoveshouse.com\/?post_type=product&#038;p=5562"},"modified":"2026-04-01T23:20:10","modified_gmt":"2026-04-01T20:20:10","slug":"bucate-si-glume","status":"publish","type":"product","link":"https:\/\/twodoveshouse.com\/en\/product\/bucate-si-glume\/","title":{"rendered":"Bucate \u0219i Glume de Post &#8211; Experien\u021b\u0103 gastronomic\u0103 de Florii"},"content":{"rendered":"<p>Pe 5 aprilie, la pensiunea Doi Huluba\u0219i, preg\u0103tim o experien\u021b\u0103 care \u00ee\u021bi hr\u0103ne\u0219te \u0219i corpul, \u0219i starea de bine:<\/p>\n<p>Mai \u00eent\u00e2i \u00ee\u021bi d\u0103m o floare, o ceap\u0103 sau un cop\u0103cel s\u0103 \u00eel plantezi chiar tu \u00een gr\u0103din\u0103 la Doi Huluba\u0219i. Apoi facem o plimbare la Nistru\u00a0 cu un fotograf care \u00ee\u021bi va face c\u00e2teva portrete<\/p>\n<p>Chef Daniel Ghidu \u00ee\u021bi pune toat\u0103 creativitate \u00een farfurie ca s\u0103 te suprind\u0103 cu bucate savuroase, a\u0219a \u00eenc\u00e2t nici s\u0103 nu sim\u021bi c\u0103 \u00ee\u021bi lipseste carnea. Cer-i drep, onor\u0103m dezlegarea la pe\u0219te, c\u0103 a\u0219a se face de Florii.<\/p>\n<p>Iar Andrei Bolocan \u00ee\u021bi preg\u0103te\u0219te un program de g\u00e2nduri \u0219i idei de post, care ar trebui s\u0103 \u00ee\u021bi parcheze z\u00e2mbetul pe fa\u021b\u0103.<\/p>\n<p>Doar 20 de locuri (\u0219i ele se duc repede). Dac\u0103 se umple masa, deschidem \u00eenc\u0103 o sear\u0103 pe 4 aprilie.<\/p>","protected":false},"excerpt":{"rendered":"<p>O cin\u0103 gastronomic\u0103 \u00een 10 acte de post (cu dezlegare la pe\u0219te), g\u00e2ndit\u0103 ca o poveste \u00een farfurie \u2013 ingrediente simple, locale, de sezon, ridicate la rang de pl\u0103cere, dar nu exagerat de mare, c\u0103 suntem \u00een post, totu\u0219i.<br \/>\n\u0218i printre ele, r\u00e2sul care vine exact c\u00e2nd trebuie, servit de Andrei Bolocan, care s-a pus deja pe citit porunci \u0219i reguli de Postul Mare. Te a\u0219teapt\u0103:<\/p>\n<ul>\n<li>plant\u0103m ceva verde \u00een gr\u0103din\u0103<\/li>\n<li>facem o drume\u021bie p\u00e2n\u0103 la Nistru<\/li>\n<li>servim 10 rete\u021be care te vor face s\u0103 te g\u00e2nde\u0219ti dac\u0103 nu cumva continui postul \u0219i dup\u0103 post.<\/li>\n<li>un stand-up cu Andrei Bolocan, care aduce realitatea \u00eenapoi pe mas\u0103, cu tot cu ironia ei s\u0103n\u0103toas\u0103<\/li>\n<li>st\u0103m la foc \u0219i savur\u0103m atmosfera aceea de Doi Huluba\u0219i, \u00een care oamenii devin mai apropia\u021bi f\u0103r\u0103 s\u0103-\u0219i dea seama \u0219i nu se las\u0103 du\u0219i acas\u0103<\/li>\n<\/ul>\n<p>&nbsp;<\/p>","protected":false},"featured_media":5564,"template":"","meta":{"inline_featured_image":false,"footnotes":""},"product_brand":[],"product_cat":[138],"product_tag":[],"class_list":{"0":"post-5562","1":"product","2":"type-product","3":"status-publish","4":"has-post-thumbnail","6":"product_cat-evenimente","8":"first","9":"outofstock","10":"shipping-taxable","11":"purchasable","12":"product-type-variable"},"yoast_head":"<!-- This site is optimized with the Yoast SEO plugin v27.5 - https:\/\/yoast.com\/product\/yoast-seo-wordpress\/ -->\n<title>Bucate \u0219i Glume de Post - Experien\u021b\u0103 gastronomic\u0103 de Florii - Casa Doi Huluba\u0219i | Pohrebea<\/title>\n<meta name=\"robots\" content=\"index, follow, max-snippet:-1, max-image-preview:large, max-video-preview:-1\" \/>\n<link rel=\"canonical\" href=\"https:\/\/twodoveshouse.com\/en\/product\/bucate-si-glume\/\" \/>\n<meta property=\"og:locale\" content=\"en_US\" \/>\n<meta property=\"og:type\" content=\"article\" \/>\n<meta property=\"og:title\" content=\"Bucate \u0219i Glume de Post - Experien\u021b\u0103 gastronomic\u0103 de Florii - Casa Doi Huluba\u0219i | Pohrebea\" \/>\n<meta property=\"og:description\" content=\"O cin\u0103 gastronomic\u0103 \u00een 10 acte de post (cu dezlegare la pe\u0219te), g\u00e2ndit\u0103 ca o poveste \u00een farfurie \u2013 ingrediente simple, locale, de sezon, ridicate la rang de pl\u0103cere, dar nu exagerat de mare, c\u0103 suntem \u00een post, totu\u0219i. \u0218i printre ele, r\u00e2sul care vine exact c\u00e2nd trebuie, servit de Andrei Bolocan, care s-a pus deja pe citit porunci \u0219i reguli de Postul Mare. Te a\u0219teapt\u0103:   plant\u0103m ceva verde \u00een gr\u0103din\u0103  facem o drume\u021bie p\u00e2n\u0103 la Nistru  servim 10 rete\u021be care te vor face s\u0103 te g\u00e2nde\u0219ti dac\u0103 nu cumva continui postul \u0219i dup\u0103 post.  un stand-up cu Andrei Bolocan, care aduce realitatea \u00eenapoi pe mas\u0103, cu tot cu ironia ei s\u0103n\u0103toas\u0103  st\u0103m la foc \u0219i savur\u0103m atmosfera aceea de Doi Huluba\u0219i, \u00een care oamenii devin mai apropia\u021bi f\u0103r\u0103 s\u0103-\u0219i dea seama \u0219i nu se las\u0103 du\u0219i acas\u0103  &nbsp;\" \/>\n<meta property=\"og:url\" content=\"https:\/\/twodoveshouse.com\/en\/product\/bucate-si-glume\/\" \/>\n<meta property=\"og:site_name\" content=\"Casa Doi Huluba\u0219i | Pohrebea\" \/>\n<meta property=\"article:publisher\" content=\"https:\/\/www.facebook.com\/twodoveshouse\/\" \/>\n<meta property=\"article:modified_time\" content=\"2026-04-01T20:20:10+00:00\" \/>\n<meta property=\"og:image\" content=\"https:\/\/twodoveshouse.com\/wp-content\/uploads\/2026\/03\/Bucate-si-Glume-1.jpg\" \/>\n\t<meta property=\"og:image:width\" content=\"1707\" \/>\n\t<meta property=\"og:image:height\" content=\"1920\" \/>\n\t<meta property=\"og:image:type\" content=\"image\/jpeg\" \/>\n<meta name=\"twitter:card\" content=\"summary_large_image\" \/>\n<meta name=\"twitter:label1\" content=\"Est. reading time\" \/>\n\t<meta name=\"twitter:data1\" content=\"1 minute\" \/>\n<script type=\"application\/ld+json\" class=\"yoast-schema-graph\">{\"@context\":\"https:\\\/\\\/schema.org\",\"@graph\":[{\"@type\":\"WebPage\",\"@id\":\"https:\\\/\\\/twodoveshouse.com\\\/produs\\\/bucate-si-glume\\\/\",\"url\":\"https:\\\/\\\/twodoveshouse.com\\\/produs\\\/bucate-si-glume\\\/\",\"name\":\"Bucate \u0219i Glume de Post - Experien\u021b\u0103 gastronomic\u0103 de Florii - Casa Doi Huluba\u0219i | Pohrebea\",\"isPartOf\":{\"@id\":\"https:\\\/\\\/twodoveshouse.com\\\/#website\"},\"primaryImageOfPage\":{\"@id\":\"https:\\\/\\\/twodoveshouse.com\\\/produs\\\/bucate-si-glume\\\/#primaryimage\"},\"image\":{\"@id\":\"https:\\\/\\\/twodoveshouse.com\\\/produs\\\/bucate-si-glume\\\/#primaryimage\"},\"thumbnailUrl\":\"https:\\\/\\\/twodoveshouse.com\\\/wp-content\\\/uploads\\\/2026\\\/03\\\/Bucate-si-Glume-1.jpg\",\"datePublished\":\"2026-03-16T09:41:43+00:00\",\"dateModified\":\"2026-04-01T20:20:10+00:00\",\"breadcrumb\":{\"@id\":\"https:\\\/\\\/twodoveshouse.com\\\/produs\\\/bucate-si-glume\\\/#breadcrumb\"},\"inLanguage\":\"en-US\",\"potentialAction\":[{\"@type\":\"ReadAction\",\"target\":[\"https:\\\/\\\/twodoveshouse.com\\\/produs\\\/bucate-si-glume\\\/\"]}]},{\"@type\":\"ImageObject\",\"inLanguage\":\"en-US\",\"@id\":\"https:\\\/\\\/twodoveshouse.com\\\/produs\\\/bucate-si-glume\\\/#primaryimage\",\"url\":\"https:\\\/\\\/twodoveshouse.com\\\/wp-content\\\/uploads\\\/2026\\\/03\\\/Bucate-si-Glume-1.jpg\",\"contentUrl\":\"https:\\\/\\\/twodoveshouse.com\\\/wp-content\\\/uploads\\\/2026\\\/03\\\/Bucate-si-Glume-1.jpg\",\"width\":1707,\"height\":1920},{\"@type\":\"BreadcrumbList\",\"@id\":\"https:\\\/\\\/twodoveshouse.com\\\/produs\\\/bucate-si-glume\\\/#breadcrumb\",\"itemListElement\":[{\"@type\":\"ListItem\",\"position\":1,\"name\":\"Home\",\"item\":\"https:\\\/\\\/twodoveshouse.com\\\/\"},{\"@type\":\"ListItem\",\"position\":2,\"name\":\"Shop\",\"item\":\"https:\\\/\\\/twodoveshouse.com\\\/shop\\\/\"},{\"@type\":\"ListItem\",\"position\":3,\"name\":\"Bucate \u0219i Glume de Post &#8211; Experien\u021b\u0103 gastronomic\u0103 de Florii\"}]},{\"@type\":\"WebSite\",\"@id\":\"https:\\\/\\\/twodoveshouse.com\\\/#website\",\"url\":\"https:\\\/\\\/twodoveshouse.com\\\/\",\"name\":\"Casa Doi Huluba\u0219i | Pohrebea\",\"description\":\"Casa Doi Huluba\u0219i | Pohrebea\",\"publisher\":{\"@id\":\"https:\\\/\\\/twodoveshouse.com\\\/#organization\"},\"potentialAction\":[{\"@type\":\"SearchAction\",\"target\":{\"@type\":\"EntryPoint\",\"urlTemplate\":\"https:\\\/\\\/twodoveshouse.com\\\/?s={search_term_string}\"},\"query-input\":{\"@type\":\"PropertyValueSpecification\",\"valueRequired\":true,\"valueName\":\"search_term_string\"}}],\"inLanguage\":\"en-US\"},{\"@type\":\"Organization\",\"@id\":\"https:\\\/\\\/twodoveshouse.com\\\/#organization\",\"name\":\"Casa Doi Huluba\u0219i | Pohrebea\",\"url\":\"https:\\\/\\\/twodoveshouse.com\\\/\",\"logo\":{\"@type\":\"ImageObject\",\"inLanguage\":\"en-US\",\"@id\":\"https:\\\/\\\/twodoveshouse.com\\\/#\\\/schema\\\/logo\\\/image\\\/\",\"url\":\"https:\\\/\\\/twodoveshouse.com\\\/wp-content\\\/uploads\\\/2025\\\/07\\\/EN_Vertical_Noir.svg\",\"contentUrl\":\"https:\\\/\\\/twodoveshouse.com\\\/wp-content\\\/uploads\\\/2025\\\/07\\\/EN_Vertical_Noir.svg\",\"width\":577,\"height\":514,\"caption\":\"Casa Doi Huluba\u0219i | Pohrebea\"},\"image\":{\"@id\":\"https:\\\/\\\/twodoveshouse.com\\\/#\\\/schema\\\/logo\\\/image\\\/\"},\"sameAs\":[\"https:\\\/\\\/www.facebook.com\\\/twodoveshouse\\\/\",\"https:\\\/\\\/www.instagram.com\\\/twodoveshouse\\\/\"]}]}<\/script>\n<!-- \/ Yoast SEO plugin. -->","yoast_head_json":{"title":"Bucate \u0219i Glume de Post - Experien\u021b\u0103 gastronomic\u0103 de Florii - Casa Doi Huluba\u0219i | Pohrebea","robots":{"index":"index","follow":"follow","max-snippet":"max-snippet:-1","max-image-preview":"max-image-preview:large","max-video-preview":"max-video-preview:-1"},"canonical":"https:\/\/twodoveshouse.com\/en\/product\/bucate-si-glume\/","og_locale":"en_US","og_type":"article","og_title":"Bucate \u0219i Glume de Post - Experien\u021b\u0103 gastronomic\u0103 de Florii - Casa Doi Huluba\u0219i | Pohrebea","og_description":"O cin\u0103 gastronomic\u0103 \u00een 10 acte de post (cu dezlegare la pe\u0219te), g\u00e2ndit\u0103 ca o poveste \u00een farfurie \u2013 ingrediente simple, locale, de sezon, ridicate la rang de pl\u0103cere, dar nu exagerat de mare, c\u0103 suntem \u00een post, totu\u0219i. \u0218i printre ele, r\u00e2sul care vine exact c\u00e2nd trebuie, servit de Andrei Bolocan, care s-a pus deja pe citit porunci \u0219i reguli de Postul Mare. Te a\u0219teapt\u0103:   plant\u0103m ceva verde \u00een gr\u0103din\u0103  facem o drume\u021bie p\u00e2n\u0103 la Nistru  servim 10 rete\u021be care te vor face s\u0103 te g\u00e2nde\u0219ti dac\u0103 nu cumva continui postul \u0219i dup\u0103 post.  un stand-up cu Andrei Bolocan, care aduce realitatea \u00eenapoi pe mas\u0103, cu tot cu ironia ei s\u0103n\u0103toas\u0103  st\u0103m la foc \u0219i savur\u0103m atmosfera aceea de Doi Huluba\u0219i, \u00een care oamenii devin mai apropia\u021bi f\u0103r\u0103 s\u0103-\u0219i dea seama \u0219i nu se las\u0103 du\u0219i acas\u0103  &nbsp;","og_url":"https:\/\/twodoveshouse.com\/en\/product\/bucate-si-glume\/","og_site_name":"Casa Doi Huluba\u0219i | Pohrebea","article_publisher":"https:\/\/www.facebook.com\/twodoveshouse\/","article_modified_time":"2026-04-01T20:20:10+00:00","og_image":[{"width":1707,"height":1920,"url":"https:\/\/twodoveshouse.com\/wp-content\/uploads\/2026\/03\/Bucate-si-Glume-1.jpg","type":"image\/jpeg"}],"twitter_card":"summary_large_image","twitter_misc":{"Est. reading time":"1 minute"},"schema":{"@context":"https:\/\/schema.org","@graph":[{"@type":"WebPage","@id":"https:\/\/twodoveshouse.com\/produs\/bucate-si-glume\/","url":"https:\/\/twodoveshouse.com\/produs\/bucate-si-glume\/","name":"Bucate \u0219i Glume de Post - Experien\u021b\u0103 gastronomic\u0103 de Florii - Casa Doi Huluba\u0219i | Pohrebea","isPartOf":{"@id":"https:\/\/twodoveshouse.com\/#website"},"primaryImageOfPage":{"@id":"https:\/\/twodoveshouse.com\/produs\/bucate-si-glume\/#primaryimage"},"image":{"@id":"https:\/\/twodoveshouse.com\/produs\/bucate-si-glume\/#primaryimage"},"thumbnailUrl":"https:\/\/twodoveshouse.com\/wp-content\/uploads\/2026\/03\/Bucate-si-Glume-1.jpg","datePublished":"2026-03-16T09:41:43+00:00","dateModified":"2026-04-01T20:20:10+00:00","breadcrumb":{"@id":"https:\/\/twodoveshouse.com\/produs\/bucate-si-glume\/#breadcrumb"},"inLanguage":"en-US","potentialAction":[{"@type":"ReadAction","target":["https:\/\/twodoveshouse.com\/produs\/bucate-si-glume\/"]}]},{"@type":"ImageObject","inLanguage":"en-US","@id":"https:\/\/twodoveshouse.com\/produs\/bucate-si-glume\/#primaryimage","url":"https:\/\/twodoveshouse.com\/wp-content\/uploads\/2026\/03\/Bucate-si-Glume-1.jpg","contentUrl":"https:\/\/twodoveshouse.com\/wp-content\/uploads\/2026\/03\/Bucate-si-Glume-1.jpg","width":1707,"height":1920},{"@type":"BreadcrumbList","@id":"https:\/\/twodoveshouse.com\/produs\/bucate-si-glume\/#breadcrumb","itemListElement":[{"@type":"ListItem","position":1,"name":"Home","item":"https:\/\/twodoveshouse.com\/"},{"@type":"ListItem","position":2,"name":"Shop","item":"https:\/\/twodoveshouse.com\/shop\/"},{"@type":"ListItem","position":3,"name":"Bucate \u0219i Glume de Post &#8211; Experien\u021b\u0103 gastronomic\u0103 de Florii"}]},{"@type":"WebSite","@id":"https:\/\/twodoveshouse.com\/#website","url":"https:\/\/twodoveshouse.com\/","name":"Casa Doi Huluba\u0219i | Pohrebea","description":"Casa Doi Huluba\u0219i | Pohrebea","publisher":{"@id":"https:\/\/twodoveshouse.com\/#organization"},"potentialAction":[{"@type":"SearchAction","target":{"@type":"EntryPoint","urlTemplate":"https:\/\/twodoveshouse.com\/?s={search_term_string}"},"query-input":{"@type":"PropertyValueSpecification","valueRequired":true,"valueName":"search_term_string"}}],"inLanguage":"en-US"},{"@type":"Organization","@id":"https:\/\/twodoveshouse.com\/#organization","name":"Casa Doi Huluba\u0219i | Pohrebea","url":"https:\/\/twodoveshouse.com\/","logo":{"@type":"ImageObject","inLanguage":"en-US","@id":"https:\/\/twodoveshouse.com\/#\/schema\/logo\/image\/","url":"https:\/\/twodoveshouse.com\/wp-content\/uploads\/2025\/07\/EN_Vertical_Noir.svg","contentUrl":"https:\/\/twodoveshouse.com\/wp-content\/uploads\/2025\/07\/EN_Vertical_Noir.svg","width":577,"height":514,"caption":"Casa Doi Huluba\u0219i | Pohrebea"},"image":{"@id":"https:\/\/twodoveshouse.com\/#\/schema\/logo\/image\/"},"sameAs":["https:\/\/www.facebook.com\/twodoveshouse\/","https:\/\/www.instagram.com\/twodoveshouse\/"]}]}},"_links":{"self":[{"href":"https:\/\/twodoveshouse.com\/en\/wp-json\/wp\/v2\/product\/5562","targetHints":{"allow":["GET"]}}],"collection":[{"href":"https:\/\/twodoveshouse.com\/en\/wp-json\/wp\/v2\/product"}],"about":[{"href":"https:\/\/twodoveshouse.com\/en\/wp-json\/wp\/v2\/types\/product"}],"version-history":[{"count":2,"href":"https:\/\/twodoveshouse.com\/en\/wp-json\/wp\/v2\/product\/5562\/revisions"}],"predecessor-version":[{"id":5567,"href":"https:\/\/twodoveshouse.com\/en\/wp-json\/wp\/v2\/product\/5562\/revisions\/5567"}],"wp:featuredmedia":[{"embeddable":true,"href":"https:\/\/twodoveshouse.com\/en\/wp-json\/wp\/v2\/media\/5564"}],"wp:attachment":[{"href":"https:\/\/twodoveshouse.com\/en\/wp-json\/wp\/v2\/media?parent=5562"}],"wp:term":[{"taxonomy":"product_brand","embeddable":true,"href":"https:\/\/twodoveshouse.com\/en\/wp-json\/wp\/v2\/product_brand?post=5562"},{"taxonomy":"product_cat","embeddable":true,"href":"https:\/\/twodoveshouse.com\/en\/wp-json\/wp\/v2\/product_cat?post=5562"},{"taxonomy":"product_tag","embeddable":true,"href":"https:\/\/twodoveshouse.com\/en\/wp-json\/wp\/v2\/product_tag?post=5562"}],"curies":[{"name":"wp","href":"https:\/\/api.w.org\/{rel}","templated":true}]}}