{"id":5497,"date":"2026-02-14T10:03:54","date_gmt":"2026-02-14T08:03:54","guid":{"rendered":"https:\/\/twodoveshouse.com\/?post_type=product&#038;p=5497"},"modified":"2026-04-19T15:22:35","modified_gmt":"2026-04-19T12:22:35","slug":"retreat-infloresc","status":"publish","type":"product","link":"https:\/\/twodoveshouse.com\/en\/product\/retreat-infloresc\/","title":{"rendered":"RETREAT &#8222;\u00ceNFLORESC&#8221;"},"content":{"rendered":"<p class=\"cvGsUA direction-ltr align-center para-style-body\"><span class=\"a_GcMg font-feature-liga-off font-feature-clig-off font-feature-calt-off text-decoration-none text-strikethrough-none\">Te sim\u021bi obosit\u0103, <\/span><span class=\"a_GcMg font-feature-liga-off font-feature-clig-off font-feature-calt-off text-decoration-none text-strikethrough-none\">blocat\u0103 \u00een prea multe griji, sim\u021bi c\u0103 ai nevoie de mai mult sens \u0219i claritate? <\/span><span class=\"a_GcMg font-feature-liga-off font-feature-clig-off font-feature-calt-off text-decoration-none text-strikethrough-none\">Vino \u00eentre 1-3 mai, 2026 la <strong>Retreatul \u00cenfloresc<\/strong><\/span><\/p>\n<p class=\"cvGsUA direction-ltr align-center para-style-body\"><strong><span class=\"a_GcMg font-feature-liga-off font-feature-clig-off font-feature-calt-off text-decoration-none text-strikethrough-none\">Ce se \u00eent\u00e2mpl\u0103 \u00een aceste 3 zile:<\/span><\/strong><\/p>\n<p class=\"cvGsUA direction-ltr align-center para-style-body\"><span class=\"a_GcMg font-feature-liga-off font-feature-clig-off font-feature-calt-off text-decoration-none text-strikethrough-none\">\u2714 \u00ee\u021bi lini\u0219te\u0219ti mintea<\/span><\/p>\n<p class=\"cvGsUA direction-ltr align-center para-style-body\"><span class=\"a_GcMg font-feature-liga-off font-feature-clig-off font-feature-calt-off text-decoration-none text-strikethrough-none\">\u2714 \u00een\u021belegi ce te \u021bine blocat\u0103<\/span><\/p>\n<p class=\"cvGsUA direction-ltr align-center para-style-body\"><span class=\"a_GcMg font-feature-liga-off font-feature-clig-off font-feature-calt-off text-decoration-none text-strikethrough-none\">\u2714 \u00ee\u021bi recape\u021bi vocea \u0219i \u00eencrederea<\/span><\/p>\n<p class=\"cvGsUA direction-ltr align-center para-style-body\"><span class=\"a_GcMg font-feature-liga-off font-feature-clig-off font-feature-calt-off text-decoration-none text-strikethrough-none\">\u2714 te reconectezi cu corpul t\u0103u<\/span><\/p>\n<p class=\"cvGsUA direction-ltr align-center para-style-body\"><span class=\"a_GcMg font-feature-liga-off font-feature-clig-off font-feature-calt-off text-decoration-none text-strikethrough-none\">\u2714 pleci cu claritate, nu doar emo\u021bii<\/span><\/p>\n<p class=\"cvGsUA direction-ltr align-center para-style-body\"><strong><span class=\"a_GcMg font-feature-liga-off font-feature-clig-off font-feature-calt-off text-decoration-none text-strikethrough-none\">Cum arat\u0103 experien\u021ba?<\/span><\/strong><\/p>\n<p class=\"cvGsUA direction-ltr align-center para-style-body\"><span class=\"a_GcMg font-feature-liga-off font-feature-clig-off font-feature-calt-off text-decoration-none text-strikethrough-none\">Dimine\u021bi \u00een natur\u0103.<\/span><\/p>\n<p class=\"cvGsUA direction-ltr align-center para-style-body\"><span class=\"a_GcMg font-feature-liga-off font-feature-clig-off font-feature-calt-off text-decoration-none text-strikethrough-none\">Respira\u021bie, mi\u0219care, lini\u0219te.<\/span><\/p>\n<p class=\"cvGsUA direction-ltr align-center para-style-body\"><span class=\"a_GcMg font-feature-liga-off font-feature-clig-off font-feature-calt-off text-decoration-none text-strikethrough-none\">Ateliere ghidate de 8 mentori<\/span><\/p>\n<p class=\"cvGsUA direction-ltr align-center para-style-body\"><span class=\"a_GcMg font-feature-liga-off font-feature-clig-off font-feature-calt-off text-decoration-none text-strikethrough-none\">Lucru cu emo\u021biile, corpul, identitatea ta.<\/span><\/p>\n<p class=\"cvGsUA direction-ltr align-center para-style-body\"><span class=\"a_GcMg font-feature-liga-off font-feature-clig-off font-feature-calt-off text-decoration-none text-strikethrough-none\">Ritualuri. Foc. Comunitate real\u0103.<\/span><\/p>\n<p class=\"cvGsUA direction-ltr align-center para-style-body\"><span class=\"a_GcMg font-feature-liga-off font-feature-clig-off font-feature-calt-off text-decoration-none text-strikethrough-none\">R\u0103sf\u0103\u021b culinar<\/span><\/p>","protected":false},"excerpt":{"rendered":"<p class=\"cvGsUA direction-ltr align-center para-style-body\"><strong><span class=\"a_GcMg font-feature-liga-off font-feature-clig-off font-feature-calt-off text-decoration-none text-strikethrough-none\">1-3 mai, Retreat \u00cenfloresc la pensiunea Doi Huluba\u0219i<\/span><\/strong><\/p>\n<p class=\"cvGsUA direction-ltr align-center para-style-body\"><strong><span class=\"a_GcMg font-feature-liga-off font-feature-clig-off font-feature-calt-off text-decoration-none text-strikethrough-none\">\u00cen aceste 3 zile vei primi:<\/span><\/strong><\/p>\n<p class=\"cvGsUA direction-ltr align-center para-style-body\"><span class=\"a_GcMg font-feature-liga-off font-feature-clig-off font-feature-calt-off text-decoration-none text-strikethrough-none\">\u2714 cazare 2 nop\u021bi, \u00een dormitor cu pat dublu partajat cu alt\u0103 participant\u0103, la pensiunea Doi Huluba\u0219i<\/span><\/p>\n<p class=\"cvGsUA direction-ltr align-center para-style-body\"><span class=\"a_GcMg font-feature-liga-off font-feature-clig-off font-feature-calt-off text-decoration-none text-strikethrough-none\">\u2714 toate mesele incluse, bucate din ingrediente locale, atent concepute ca s\u0103 hr\u0103neasc\u0103 corpul \u0219i s\u0103 alinte papilele<\/span><\/p>\n<p class=\"cvGsUA direction-ltr align-center para-style-body\"><span class=\"a_GcMg font-feature-liga-off font-feature-clig-off font-feature-calt-off text-decoration-none text-strikethrough-none\">\u2714 comunicare cu 8 mentore, fiecare extraordinar\u0103 \u00een domeniul s\u0103u<\/span><\/p>\n<p class=\"cvGsUA direction-ltr align-center para-style-body\"><span class=\"a_GcMg font-feature-liga-off font-feature-clig-off font-feature-calt-off text-decoration-none text-strikethrough-none\">\u2714 ateliere \u00een care vei \u00eenv\u0103\u021ba s\u0103 coci p\u00e2ine cu maia, s\u0103 brodezi, s\u0103 faci masaj facial, s\u0103<\/span> <span class=\"a_GcMg font-feature-liga-off font-feature-clig-off font-feature-calt-off text-decoration-none text-strikethrough-none\">respiri corect, s\u0103 \u00ee\u021bi setezi inten\u021biile, s\u0103 comunici \u00een public<\/span><\/p>\n<p class=\"cvGsUA direction-ltr align-center para-style-body\"><span class=\"a_GcMg font-feature-liga-off font-feature-clig-off font-feature-calt-off text-decoration-none text-strikethrough-none\">\u2714 breathwork \u0219i soundhealing<\/span><\/p>\n<p class=\"cvGsUA direction-ltr align-center para-style-body\"><span class=\"a_GcMg font-feature-liga-off font-feature-clig-off font-feature-calt-off text-decoration-none text-strikethrough-none\">\u2714 saun\u0103, drume\u021bie la Nistru, gr\u0103din\u0103rit, foc de tab\u0103r\u0103<\/span><\/p>\n<p class=\"cvGsUA direction-ltr align-center para-style-body\"><span class=\"a_GcMg font-feature-liga-off font-feature-clig-off font-feature-calt-off text-decoration-none text-strikethrough-none\">\u2714 un grup discret \u0219i intim de 10 femei<\/span><\/p>\n<p><strong>Pre\u021bul este indicat pentru pereche. Cin\u0103 pentru 10 cupluri de huluba\u0219i. <\/strong><\/p>","protected":false},"featured_media":5732,"template":"","meta":{"inline_featured_image":false,"footnotes":""},"product_brand":[],"product_cat":[138],"product_tag":[],"class_list":{"0":"post-5497","1":"product","2":"type-product","3":"status-publish","4":"has-post-thumbnail","6":"product_cat-evenimente","8":"first","9":"instock","10":"sale","11":"shipping-taxable","12":"purchasable","13":"product-type-variable"},"yoast_head":"<!-- This site is optimized with the Yoast SEO plugin v27.4 - https:\/\/yoast.com\/product\/yoast-seo-wordpress\/ -->\n<title>RETREAT &quot;\u00ceNFLORESC&quot; - Casa Doi Huluba\u0219i | Pohrebea<\/title>\n<meta name=\"robots\" content=\"index, follow, max-snippet:-1, max-image-preview:large, max-video-preview:-1\" \/>\n<link rel=\"canonical\" href=\"https:\/\/twodoveshouse.com\/en\/product\/retreat-infloresc\/\" \/>\n<meta property=\"og:locale\" content=\"en_US\" \/>\n<meta property=\"og:type\" content=\"article\" \/>\n<meta property=\"og:title\" content=\"RETREAT &quot;\u00ceNFLORESC&quot; - Casa Doi Huluba\u0219i | Pohrebea\" \/>\n<meta property=\"og:description\" content=\"1-3 mai, Retreat \u00cenfloresc la pensiunea Doi Huluba\u0219i \u00cen aceste 3 zile vei primi: \u2714 cazare 2 nop\u021bi, \u00een dormitor cu pat dublu partajat cu alt\u0103 participant\u0103, la pensiunea Doi Huluba\u0219i \u2714 toate mesele incluse, bucate din ingrediente locale, atent concepute ca s\u0103 hr\u0103neasc\u0103 corpul \u0219i s\u0103 alinte papilele \u2714 comunicare cu 8 mentore, fiecare extraordinar\u0103 \u00een domeniul s\u0103u \u2714 ateliere \u00een care vei \u00eenv\u0103\u021ba s\u0103 coci p\u00e2ine cu maia, s\u0103 brodezi, s\u0103 faci masaj facial, s\u0103 respiri corect, s\u0103 \u00ee\u021bi setezi inten\u021biile, s\u0103 comunici \u00een public \u2714 breathwork \u0219i soundhealing \u2714 saun\u0103, drume\u021bie la Nistru, gr\u0103din\u0103rit, foc de tab\u0103r\u0103 \u2714 un grup discret \u0219i intim de 10 femei Pre\u021bul este indicat pentru pereche. Cin\u0103 pentru 10 cupluri de huluba\u0219i.\" \/>\n<meta property=\"og:url\" content=\"https:\/\/twodoveshouse.com\/en\/product\/retreat-infloresc\/\" \/>\n<meta property=\"og:site_name\" content=\"Casa Doi Huluba\u0219i | Pohrebea\" \/>\n<meta property=\"article:publisher\" content=\"https:\/\/www.facebook.com\/twodoveshouse\/\" \/>\n<meta property=\"article:modified_time\" content=\"2026-04-19T12:22:35+00:00\" \/>\n<meta property=\"og:image\" content=\"https:\/\/twodoveshouse.com\/wp-content\/uploads\/2026\/02\/Retreat-Infloresc.jpg\" \/>\n\t<meta property=\"og:image:width\" content=\"1357\" \/>\n\t<meta property=\"og:image:height\" content=\"1920\" \/>\n\t<meta property=\"og:image:type\" content=\"image\/jpeg\" \/>\n<meta name=\"twitter:card\" content=\"summary_large_image\" \/>\n<meta name=\"twitter:label1\" content=\"Est. reading time\" \/>\n\t<meta name=\"twitter:data1\" content=\"1 minute\" \/>\n<script type=\"application\/ld+json\" class=\"yoast-schema-graph\">{\"@context\":\"https:\\\/\\\/schema.org\",\"@graph\":[{\"@type\":\"WebPage\",\"@id\":\"https:\\\/\\\/twodoveshouse.com\\\/produs\\\/retreat-infloresc\\\/\",\"url\":\"https:\\\/\\\/twodoveshouse.com\\\/produs\\\/retreat-infloresc\\\/\",\"name\":\"RETREAT \\\"\u00ceNFLORESC\\\" - Casa Doi Huluba\u0219i | Pohrebea\",\"isPartOf\":{\"@id\":\"https:\\\/\\\/twodoveshouse.com\\\/#website\"},\"primaryImageOfPage\":{\"@id\":\"https:\\\/\\\/twodoveshouse.com\\\/produs\\\/retreat-infloresc\\\/#primaryimage\"},\"image\":{\"@id\":\"https:\\\/\\\/twodoveshouse.com\\\/produs\\\/retreat-infloresc\\\/#primaryimage\"},\"thumbnailUrl\":\"https:\\\/\\\/twodoveshouse.com\\\/wp-content\\\/uploads\\\/2026\\\/02\\\/Retreat-Infloresc.jpg\",\"datePublished\":\"2026-02-14T08:03:54+00:00\",\"dateModified\":\"2026-04-19T12:22:35+00:00\",\"breadcrumb\":{\"@id\":\"https:\\\/\\\/twodoveshouse.com\\\/produs\\\/retreat-infloresc\\\/#breadcrumb\"},\"inLanguage\":\"en-US\",\"potentialAction\":[{\"@type\":\"ReadAction\",\"target\":[\"https:\\\/\\\/twodoveshouse.com\\\/produs\\\/retreat-infloresc\\\/\"]}]},{\"@type\":\"ImageObject\",\"inLanguage\":\"en-US\",\"@id\":\"https:\\\/\\\/twodoveshouse.com\\\/produs\\\/retreat-infloresc\\\/#primaryimage\",\"url\":\"https:\\\/\\\/twodoveshouse.com\\\/wp-content\\\/uploads\\\/2026\\\/02\\\/Retreat-Infloresc.jpg\",\"contentUrl\":\"https:\\\/\\\/twodoveshouse.com\\\/wp-content\\\/uploads\\\/2026\\\/02\\\/Retreat-Infloresc.jpg\",\"width\":1357,\"height\":1920},{\"@type\":\"BreadcrumbList\",\"@id\":\"https:\\\/\\\/twodoveshouse.com\\\/produs\\\/retreat-infloresc\\\/#breadcrumb\",\"itemListElement\":[{\"@type\":\"ListItem\",\"position\":1,\"name\":\"Home\",\"item\":\"https:\\\/\\\/twodoveshouse.com\\\/\"},{\"@type\":\"ListItem\",\"position\":2,\"name\":\"Shop\",\"item\":\"https:\\\/\\\/twodoveshouse.com\\\/shop\\\/\"},{\"@type\":\"ListItem\",\"position\":3,\"name\":\"RETREAT &#8222;\u00ceNFLORESC&#8221;\"}]},{\"@type\":\"WebSite\",\"@id\":\"https:\\\/\\\/twodoveshouse.com\\\/#website\",\"url\":\"https:\\\/\\\/twodoveshouse.com\\\/\",\"name\":\"Casa Doi Huluba\u0219i | Pohrebea\",\"description\":\"Casa Doi Huluba\u0219i | Pohrebea\",\"publisher\":{\"@id\":\"https:\\\/\\\/twodoveshouse.com\\\/#organization\"},\"potentialAction\":[{\"@type\":\"SearchAction\",\"target\":{\"@type\":\"EntryPoint\",\"urlTemplate\":\"https:\\\/\\\/twodoveshouse.com\\\/?s={search_term_string}\"},\"query-input\":{\"@type\":\"PropertyValueSpecification\",\"valueRequired\":true,\"valueName\":\"search_term_string\"}}],\"inLanguage\":\"en-US\"},{\"@type\":\"Organization\",\"@id\":\"https:\\\/\\\/twodoveshouse.com\\\/#organization\",\"name\":\"Casa Doi Huluba\u0219i | Pohrebea\",\"url\":\"https:\\\/\\\/twodoveshouse.com\\\/\",\"logo\":{\"@type\":\"ImageObject\",\"inLanguage\":\"en-US\",\"@id\":\"https:\\\/\\\/twodoveshouse.com\\\/#\\\/schema\\\/logo\\\/image\\\/\",\"url\":\"https:\\\/\\\/twodoveshouse.com\\\/wp-content\\\/uploads\\\/2025\\\/07\\\/EN_Vertical_Noir.svg\",\"contentUrl\":\"https:\\\/\\\/twodoveshouse.com\\\/wp-content\\\/uploads\\\/2025\\\/07\\\/EN_Vertical_Noir.svg\",\"width\":577,\"height\":514,\"caption\":\"Casa Doi Huluba\u0219i | Pohrebea\"},\"image\":{\"@id\":\"https:\\\/\\\/twodoveshouse.com\\\/#\\\/schema\\\/logo\\\/image\\\/\"},\"sameAs\":[\"https:\\\/\\\/www.facebook.com\\\/twodoveshouse\\\/\",\"https:\\\/\\\/www.instagram.com\\\/twodoveshouse\\\/\"]}]}<\/script>\n<!-- \/ Yoast SEO plugin. -->","yoast_head_json":{"title":"RETREAT \"\u00ceNFLORESC\" - Casa Doi Huluba\u0219i | Pohrebea","robots":{"index":"index","follow":"follow","max-snippet":"max-snippet:-1","max-image-preview":"max-image-preview:large","max-video-preview":"max-video-preview:-1"},"canonical":"https:\/\/twodoveshouse.com\/en\/product\/retreat-infloresc\/","og_locale":"en_US","og_type":"article","og_title":"RETREAT \"\u00ceNFLORESC\" - Casa Doi Huluba\u0219i | Pohrebea","og_description":"1-3 mai, Retreat \u00cenfloresc la pensiunea Doi Huluba\u0219i \u00cen aceste 3 zile vei primi: \u2714 cazare 2 nop\u021bi, \u00een dormitor cu pat dublu partajat cu alt\u0103 participant\u0103, la pensiunea Doi Huluba\u0219i \u2714 toate mesele incluse, bucate din ingrediente locale, atent concepute ca s\u0103 hr\u0103neasc\u0103 corpul \u0219i s\u0103 alinte papilele \u2714 comunicare cu 8 mentore, fiecare extraordinar\u0103 \u00een domeniul s\u0103u \u2714 ateliere \u00een care vei \u00eenv\u0103\u021ba s\u0103 coci p\u00e2ine cu maia, s\u0103 brodezi, s\u0103 faci masaj facial, s\u0103 respiri corect, s\u0103 \u00ee\u021bi setezi inten\u021biile, s\u0103 comunici \u00een public \u2714 breathwork \u0219i soundhealing \u2714 saun\u0103, drume\u021bie la Nistru, gr\u0103din\u0103rit, foc de tab\u0103r\u0103 \u2714 un grup discret \u0219i intim de 10 femei Pre\u021bul este indicat pentru pereche. Cin\u0103 pentru 10 cupluri de huluba\u0219i.","og_url":"https:\/\/twodoveshouse.com\/en\/product\/retreat-infloresc\/","og_site_name":"Casa Doi Huluba\u0219i | Pohrebea","article_publisher":"https:\/\/www.facebook.com\/twodoveshouse\/","article_modified_time":"2026-04-19T12:22:35+00:00","og_image":[{"width":1357,"height":1920,"url":"https:\/\/twodoveshouse.com\/wp-content\/uploads\/2026\/02\/Retreat-Infloresc.jpg","type":"image\/jpeg"}],"twitter_card":"summary_large_image","twitter_misc":{"Est. reading time":"1 minute"},"schema":{"@context":"https:\/\/schema.org","@graph":[{"@type":"WebPage","@id":"https:\/\/twodoveshouse.com\/produs\/retreat-infloresc\/","url":"https:\/\/twodoveshouse.com\/produs\/retreat-infloresc\/","name":"RETREAT \"\u00ceNFLORESC\" - Casa Doi Huluba\u0219i | Pohrebea","isPartOf":{"@id":"https:\/\/twodoveshouse.com\/#website"},"primaryImageOfPage":{"@id":"https:\/\/twodoveshouse.com\/produs\/retreat-infloresc\/#primaryimage"},"image":{"@id":"https:\/\/twodoveshouse.com\/produs\/retreat-infloresc\/#primaryimage"},"thumbnailUrl":"https:\/\/twodoveshouse.com\/wp-content\/uploads\/2026\/02\/Retreat-Infloresc.jpg","datePublished":"2026-02-14T08:03:54+00:00","dateModified":"2026-04-19T12:22:35+00:00","breadcrumb":{"@id":"https:\/\/twodoveshouse.com\/produs\/retreat-infloresc\/#breadcrumb"},"inLanguage":"en-US","potentialAction":[{"@type":"ReadAction","target":["https:\/\/twodoveshouse.com\/produs\/retreat-infloresc\/"]}]},{"@type":"ImageObject","inLanguage":"en-US","@id":"https:\/\/twodoveshouse.com\/produs\/retreat-infloresc\/#primaryimage","url":"https:\/\/twodoveshouse.com\/wp-content\/uploads\/2026\/02\/Retreat-Infloresc.jpg","contentUrl":"https:\/\/twodoveshouse.com\/wp-content\/uploads\/2026\/02\/Retreat-Infloresc.jpg","width":1357,"height":1920},{"@type":"BreadcrumbList","@id":"https:\/\/twodoveshouse.com\/produs\/retreat-infloresc\/#breadcrumb","itemListElement":[{"@type":"ListItem","position":1,"name":"Home","item":"https:\/\/twodoveshouse.com\/"},{"@type":"ListItem","position":2,"name":"Shop","item":"https:\/\/twodoveshouse.com\/shop\/"},{"@type":"ListItem","position":3,"name":"RETREAT &#8222;\u00ceNFLORESC&#8221;"}]},{"@type":"WebSite","@id":"https:\/\/twodoveshouse.com\/#website","url":"https:\/\/twodoveshouse.com\/","name":"Casa Doi Huluba\u0219i | Pohrebea","description":"Casa Doi Huluba\u0219i | Pohrebea","publisher":{"@id":"https:\/\/twodoveshouse.com\/#organization"},"potentialAction":[{"@type":"SearchAction","target":{"@type":"EntryPoint","urlTemplate":"https:\/\/twodoveshouse.com\/?s={search_term_string}"},"query-input":{"@type":"PropertyValueSpecification","valueRequired":true,"valueName":"search_term_string"}}],"inLanguage":"en-US"},{"@type":"Organization","@id":"https:\/\/twodoveshouse.com\/#organization","name":"Casa Doi Huluba\u0219i | Pohrebea","url":"https:\/\/twodoveshouse.com\/","logo":{"@type":"ImageObject","inLanguage":"en-US","@id":"https:\/\/twodoveshouse.com\/#\/schema\/logo\/image\/","url":"https:\/\/twodoveshouse.com\/wp-content\/uploads\/2025\/07\/EN_Vertical_Noir.svg","contentUrl":"https:\/\/twodoveshouse.com\/wp-content\/uploads\/2025\/07\/EN_Vertical_Noir.svg","width":577,"height":514,"caption":"Casa Doi Huluba\u0219i | Pohrebea"},"image":{"@id":"https:\/\/twodoveshouse.com\/#\/schema\/logo\/image\/"},"sameAs":["https:\/\/www.facebook.com\/twodoveshouse\/","https:\/\/www.instagram.com\/twodoveshouse\/"]}]}},"_links":{"self":[{"href":"https:\/\/twodoveshouse.com\/en\/wp-json\/wp\/v2\/product\/5497","targetHints":{"allow":["GET"]}}],"collection":[{"href":"https:\/\/twodoveshouse.com\/en\/wp-json\/wp\/v2\/product"}],"about":[{"href":"https:\/\/twodoveshouse.com\/en\/wp-json\/wp\/v2\/types\/product"}],"version-history":[{"count":1,"href":"https:\/\/twodoveshouse.com\/en\/wp-json\/wp\/v2\/product\/5497\/revisions"}],"predecessor-version":[{"id":5738,"href":"https:\/\/twodoveshouse.com\/en\/wp-json\/wp\/v2\/product\/5497\/revisions\/5738"}],"wp:featuredmedia":[{"embeddable":true,"href":"https:\/\/twodoveshouse.com\/en\/wp-json\/wp\/v2\/media\/5732"}],"wp:attachment":[{"href":"https:\/\/twodoveshouse.com\/en\/wp-json\/wp\/v2\/media?parent=5497"}],"wp:term":[{"taxonomy":"product_brand","embeddable":true,"href":"https:\/\/twodoveshouse.com\/en\/wp-json\/wp\/v2\/product_brand?post=5497"},{"taxonomy":"product_cat","embeddable":true,"href":"https:\/\/twodoveshouse.com\/en\/wp-json\/wp\/v2\/product_cat?post=5497"},{"taxonomy":"product_tag","embeddable":true,"href":"https:\/\/twodoveshouse.com\/en\/wp-json\/wp\/v2\/product_tag?post=5497"}],"curies":[{"name":"wp","href":"https:\/\/api.w.org\/{rel}","templated":true}]}}