{"id":5111,"date":"2025-12-02T18:39:18","date_gmt":"2025-12-02T16:39:18","guid":{"rendered":"https:\/\/twodoveshouse.com\/?post_type=product&#038;p=5111"},"modified":"2026-02-09T19:42:28","modified_gmt":"2026-02-09T17:42:28","slug":"craciunul-cu-cei-dragi","status":"publish","type":"product","link":"https:\/\/twodoveshouse.com\/en\/product\/craciunul-cu-cei-dragi\/","title":{"rendered":"Cr\u0103ciunul cu cei Dragi"},"content":{"rendered":"<p>\u021ai-e dor de o fug\u0103 la \u021bar\u0103, de m\u00e2ncare bun\u0103 de tot, de miros de lemne arse \u00een sob\u0103, de colinde \u0219i de un Cr\u0103ciun tr\u0103it cu sens, nu cu oboseal\u0103?<br \/>\nHai la Doi Huluba\u0219i, \u00een Pohrebea \u2014 locul unde tradi\u021biile respir\u0103, iar tu nu trebuie s\u0103 faci altceva dec\u00e2t s\u0103 te bucuri de cei dragi.<\/p>\n<p><strong>Pe 26, 27 \u0219i 28 decembrie organiz\u0103m o cin\u0103 etno-gastronomic\u0103<\/strong>, repetat\u0103 \u00een trei seri, s\u0103 po\u021bi alege c\u00e2nd \u00ee\u021bi este mai bine.<\/p>\n<p>Nu public\u0103m meniul \u2014 d\u0103-ne voie s\u0103 te uimim. G\u0103tim doar cu ce este mai bun \u00een raionul Dub\u0103sari: legume conservate dup\u0103 re\u021bete vechi, c\u0103rnuri fragede, deserturi tradi\u021bionale \u0219i arome pe care nu le g\u0103se\u0219ti \u00een ora\u0219. Fiecare farfurie e o poveste.<\/p>\n<p><strong>Ce te a\u0219teapt\u0103?<\/strong><\/p>\n<ul>\n<li>o cin\u0103 bogat\u0103, g\u0103tit\u0103 din produse locale curate de buc\u0103tarul chef Daniel Ghidu<\/li>\n<li>atmosfer\u0103 de s\u0103rb\u0103toare, colinde \u0219i un ritual al darurilor<\/li>\n<li>un cadru de poveste cu priveli\u0219te spre Nistrului<\/li>\n<li>zero efort, zero g\u0103tit, doar bucurie<\/li>\n<\/ul>\n<p><strong>Doar 20 de locuri \u00een fiecare sear\u0103.<\/strong><\/p>\n<p>Dac\u0103 ai o ie sau un element tradi\u021bional, poart\u0103-le \u0219i completeaz\u0103 magia.<\/p>\n<p>&nbsp;<\/p>","protected":false},"excerpt":{"rendered":"<p><strong>Pe 26, 27 \u0219i 28 decembrie te invit\u0103m la Casa Doi Huluba\u0219i la o cin\u0103 etno-gastronomic\u0103 cu bucate \u0219i tradi\u021bii de Cr\u0103ciun. Gazdele, Nata Albot \u0219i Andrei Bolocan, cu Noah \u0219i Magda, te invit\u0103 la creat amintiri de Cr\u0103ciun, al\u0103turi de cei dragi.<\/strong><\/p>\n<p><strong>Ce te a\u0219teapt\u0103?<\/strong><\/p>\n<ul>\n<li>o cin\u0103 bogat\u0103, g\u0103tit\u0103 de buc\u0103tarul chef Daniel Ghidu, absolvent al unei \u0219coli de ospitalitate din Portugalia, cu experien\u021b\u0103 de lucru \u00een restaurante din Copenhaga, al\u0103turi de Sonia \u0219i Eva Uscov<\/li>\n<li>Tradi\u021bii de Cr\u0103ciun<\/li>\n<li>Foc de tab\u0103r\u0103<\/li>\n<li>Secret Santa<\/li>\n<\/ul>\n<p>Te a\u0219tept\u0103m de la 18.00. \u00cencheiem pe la 21.30. Te rug\u0103m s\u0103 aduci un cadou\u00a0 ambalat, \u00een valoare maxim\u0103 de 100 lei\/persoan\u0103, cump\u0103rat de la produc\u0103tori sau artizani locali. Dac\u0103 ai o ie sau un element tradi\u021bional, poart\u0103-le ca s\u0103 ne ias\u0103 poze frumoase.<\/p>\n<p><strong>Avem doar 20 de locuri \u00een fiecare sear\u0103.\u00a0<\/strong><\/p>","protected":false},"featured_media":5243,"template":"","meta":{"inline_featured_image":false,"footnotes":""},"product_brand":[],"product_cat":[138],"product_tag":[],"class_list":{"0":"post-5111","1":"product","2":"type-product","3":"status-publish","4":"has-post-thumbnail","6":"product_cat-evenimente","8":"first","9":"outofstock","10":"shipping-taxable","11":"purchasable","12":"product-type-variable"},"yoast_head":"<!-- This site is optimized with the Yoast SEO plugin v27.4 - https:\/\/yoast.com\/product\/yoast-seo-wordpress\/ -->\n<title>Cr\u0103ciunul cu cei Dragi - Casa Doi Huluba\u0219i | Pohrebea<\/title>\n<meta name=\"robots\" content=\"index, follow, max-snippet:-1, max-image-preview:large, max-video-preview:-1\" \/>\n<link rel=\"canonical\" href=\"https:\/\/twodoveshouse.com\/en\/product\/craciunul-cu-cei-dragi\/\" \/>\n<meta property=\"og:locale\" content=\"en_US\" \/>\n<meta property=\"og:type\" content=\"article\" \/>\n<meta property=\"og:title\" content=\"Cr\u0103ciunul cu cei Dragi - Casa Doi Huluba\u0219i | Pohrebea\" \/>\n<meta property=\"og:description\" content=\"Pe 26, 27 \u0219i 28 decembrie te invit\u0103m la Casa Doi Huluba\u0219i la o cin\u0103 etno-gastronomic\u0103 cu bucate \u0219i tradi\u021bii de Cr\u0103ciun. Gazdele, Nata Albot \u0219i Andrei Bolocan, cu Noah \u0219i Magda, te invit\u0103 la creat amintiri de Cr\u0103ciun, al\u0103turi de cei dragi.  Ce te a\u0219teapt\u0103?   o cin\u0103 bogat\u0103, g\u0103tit\u0103 de buc\u0103tarul chef Daniel Ghidu, absolvent al unei \u0219coli de ospitalitate din Portugalia, cu experien\u021b\u0103 de lucru \u00een restaurante din Copenhaga, al\u0103turi de Sonia \u0219i Eva Uscov  Tradi\u021bii de Cr\u0103ciun  Foc de tab\u0103r\u0103  Secret Santa  Te a\u0219tept\u0103m de la 18.00. \u00cencheiem pe la 21.30. Te rug\u0103m s\u0103 aduci un cadou\u00a0 ambalat, \u00een valoare maxim\u0103 de 100 lei\/persoan\u0103, cump\u0103rat de la produc\u0103tori sau artizani locali. Dac\u0103 ai o ie sau un element tradi\u021bional, poart\u0103-le ca s\u0103 ne ias\u0103 poze frumoase.  Avem doar 20 de locuri \u00een fiecare sear\u0103.\u00a0\" \/>\n<meta property=\"og:url\" content=\"https:\/\/twodoveshouse.com\/en\/product\/craciunul-cu-cei-dragi\/\" \/>\n<meta property=\"og:site_name\" content=\"Casa Doi Huluba\u0219i | Pohrebea\" \/>\n<meta property=\"article:publisher\" content=\"https:\/\/www.facebook.com\/twodoveshouse\/\" \/>\n<meta property=\"article:modified_time\" content=\"2026-02-09T17:42:28+00:00\" \/>\n<meta property=\"og:image\" content=\"https:\/\/twodoveshouse.com\/wp-content\/uploads\/2025\/12\/Craciunul-cu-cei-dragi-la-Doi-Hulubasi-1.jpg\" \/>\n\t<meta property=\"og:image:width\" content=\"1080\" \/>\n\t<meta property=\"og:image:height\" content=\"1350\" \/>\n\t<meta property=\"og:image:type\" content=\"image\/jpeg\" \/>\n<meta name=\"twitter:card\" content=\"summary_large_image\" \/>\n<meta name=\"twitter:label1\" content=\"Est. reading time\" \/>\n\t<meta name=\"twitter:data1\" content=\"2 minutes\" \/>\n<script type=\"application\/ld+json\" class=\"yoast-schema-graph\">{\"@context\":\"https:\\\/\\\/schema.org\",\"@graph\":[{\"@type\":\"WebPage\",\"@id\":\"https:\\\/\\\/twodoveshouse.com\\\/produs\\\/craciunul-cu-cei-dragi\\\/\",\"url\":\"https:\\\/\\\/twodoveshouse.com\\\/produs\\\/craciunul-cu-cei-dragi\\\/\",\"name\":\"Cr\u0103ciunul cu cei Dragi - Casa Doi Huluba\u0219i | Pohrebea\",\"isPartOf\":{\"@id\":\"https:\\\/\\\/twodoveshouse.com\\\/#website\"},\"primaryImageOfPage\":{\"@id\":\"https:\\\/\\\/twodoveshouse.com\\\/produs\\\/craciunul-cu-cei-dragi\\\/#primaryimage\"},\"image\":{\"@id\":\"https:\\\/\\\/twodoveshouse.com\\\/produs\\\/craciunul-cu-cei-dragi\\\/#primaryimage\"},\"thumbnailUrl\":\"https:\\\/\\\/twodoveshouse.com\\\/wp-content\\\/uploads\\\/2025\\\/12\\\/Craciunul-cu-cei-dragi-la-Doi-Hulubasi-1.jpg\",\"datePublished\":\"2025-12-02T16:39:18+00:00\",\"dateModified\":\"2026-02-09T17:42:28+00:00\",\"breadcrumb\":{\"@id\":\"https:\\\/\\\/twodoveshouse.com\\\/produs\\\/craciunul-cu-cei-dragi\\\/#breadcrumb\"},\"inLanguage\":\"en-US\",\"potentialAction\":[{\"@type\":\"ReadAction\",\"target\":[\"https:\\\/\\\/twodoveshouse.com\\\/produs\\\/craciunul-cu-cei-dragi\\\/\"]}]},{\"@type\":\"ImageObject\",\"inLanguage\":\"en-US\",\"@id\":\"https:\\\/\\\/twodoveshouse.com\\\/produs\\\/craciunul-cu-cei-dragi\\\/#primaryimage\",\"url\":\"https:\\\/\\\/twodoveshouse.com\\\/wp-content\\\/uploads\\\/2025\\\/12\\\/Craciunul-cu-cei-dragi-la-Doi-Hulubasi-1.jpg\",\"contentUrl\":\"https:\\\/\\\/twodoveshouse.com\\\/wp-content\\\/uploads\\\/2025\\\/12\\\/Craciunul-cu-cei-dragi-la-Doi-Hulubasi-1.jpg\",\"width\":1080,\"height\":1350},{\"@type\":\"BreadcrumbList\",\"@id\":\"https:\\\/\\\/twodoveshouse.com\\\/produs\\\/craciunul-cu-cei-dragi\\\/#breadcrumb\",\"itemListElement\":[{\"@type\":\"ListItem\",\"position\":1,\"name\":\"Home\",\"item\":\"https:\\\/\\\/twodoveshouse.com\\\/\"},{\"@type\":\"ListItem\",\"position\":2,\"name\":\"Shop\",\"item\":\"https:\\\/\\\/twodoveshouse.com\\\/shop\\\/\"},{\"@type\":\"ListItem\",\"position\":3,\"name\":\"Cr\u0103ciunul cu cei Dragi\"}]},{\"@type\":\"WebSite\",\"@id\":\"https:\\\/\\\/twodoveshouse.com\\\/#website\",\"url\":\"https:\\\/\\\/twodoveshouse.com\\\/\",\"name\":\"Casa Doi Huluba\u0219i | Pohrebea\",\"description\":\"Casa Doi Huluba\u0219i | Pohrebea\",\"publisher\":{\"@id\":\"https:\\\/\\\/twodoveshouse.com\\\/#organization\"},\"potentialAction\":[{\"@type\":\"SearchAction\",\"target\":{\"@type\":\"EntryPoint\",\"urlTemplate\":\"https:\\\/\\\/twodoveshouse.com\\\/?s={search_term_string}\"},\"query-input\":{\"@type\":\"PropertyValueSpecification\",\"valueRequired\":true,\"valueName\":\"search_term_string\"}}],\"inLanguage\":\"en-US\"},{\"@type\":\"Organization\",\"@id\":\"https:\\\/\\\/twodoveshouse.com\\\/#organization\",\"name\":\"Casa Doi Huluba\u0219i | Pohrebea\",\"url\":\"https:\\\/\\\/twodoveshouse.com\\\/\",\"logo\":{\"@type\":\"ImageObject\",\"inLanguage\":\"en-US\",\"@id\":\"https:\\\/\\\/twodoveshouse.com\\\/#\\\/schema\\\/logo\\\/image\\\/\",\"url\":\"https:\\\/\\\/twodoveshouse.com\\\/wp-content\\\/uploads\\\/2025\\\/07\\\/EN_Vertical_Noir.svg\",\"contentUrl\":\"https:\\\/\\\/twodoveshouse.com\\\/wp-content\\\/uploads\\\/2025\\\/07\\\/EN_Vertical_Noir.svg\",\"width\":577,\"height\":514,\"caption\":\"Casa Doi Huluba\u0219i | Pohrebea\"},\"image\":{\"@id\":\"https:\\\/\\\/twodoveshouse.com\\\/#\\\/schema\\\/logo\\\/image\\\/\"},\"sameAs\":[\"https:\\\/\\\/www.facebook.com\\\/twodoveshouse\\\/\",\"https:\\\/\\\/www.instagram.com\\\/twodoveshouse\\\/\"]}]}<\/script>\n<!-- \/ Yoast SEO plugin. -->","yoast_head_json":{"title":"Cr\u0103ciunul cu cei Dragi - Casa Doi Huluba\u0219i | Pohrebea","robots":{"index":"index","follow":"follow","max-snippet":"max-snippet:-1","max-image-preview":"max-image-preview:large","max-video-preview":"max-video-preview:-1"},"canonical":"https:\/\/twodoveshouse.com\/en\/product\/craciunul-cu-cei-dragi\/","og_locale":"en_US","og_type":"article","og_title":"Cr\u0103ciunul cu cei Dragi - Casa Doi Huluba\u0219i | Pohrebea","og_description":"Pe 26, 27 \u0219i 28 decembrie te invit\u0103m la Casa Doi Huluba\u0219i la o cin\u0103 etno-gastronomic\u0103 cu bucate \u0219i tradi\u021bii de Cr\u0103ciun. Gazdele, Nata Albot \u0219i Andrei Bolocan, cu Noah \u0219i Magda, te invit\u0103 la creat amintiri de Cr\u0103ciun, al\u0103turi de cei dragi.  Ce te a\u0219teapt\u0103?   o cin\u0103 bogat\u0103, g\u0103tit\u0103 de buc\u0103tarul chef Daniel Ghidu, absolvent al unei \u0219coli de ospitalitate din Portugalia, cu experien\u021b\u0103 de lucru \u00een restaurante din Copenhaga, al\u0103turi de Sonia \u0219i Eva Uscov  Tradi\u021bii de Cr\u0103ciun  Foc de tab\u0103r\u0103  Secret Santa  Te a\u0219tept\u0103m de la 18.00. \u00cencheiem pe la 21.30. Te rug\u0103m s\u0103 aduci un cadou\u00a0 ambalat, \u00een valoare maxim\u0103 de 100 lei\/persoan\u0103, cump\u0103rat de la produc\u0103tori sau artizani locali. Dac\u0103 ai o ie sau un element tradi\u021bional, poart\u0103-le ca s\u0103 ne ias\u0103 poze frumoase.  Avem doar 20 de locuri \u00een fiecare sear\u0103.\u00a0","og_url":"https:\/\/twodoveshouse.com\/en\/product\/craciunul-cu-cei-dragi\/","og_site_name":"Casa Doi Huluba\u0219i | Pohrebea","article_publisher":"https:\/\/www.facebook.com\/twodoveshouse\/","article_modified_time":"2026-02-09T17:42:28+00:00","og_image":[{"width":1080,"height":1350,"url":"https:\/\/twodoveshouse.com\/wp-content\/uploads\/2025\/12\/Craciunul-cu-cei-dragi-la-Doi-Hulubasi-1.jpg","type":"image\/jpeg"}],"twitter_card":"summary_large_image","twitter_misc":{"Est. reading time":"2 minutes"},"schema":{"@context":"https:\/\/schema.org","@graph":[{"@type":"WebPage","@id":"https:\/\/twodoveshouse.com\/produs\/craciunul-cu-cei-dragi\/","url":"https:\/\/twodoveshouse.com\/produs\/craciunul-cu-cei-dragi\/","name":"Cr\u0103ciunul cu cei Dragi - Casa Doi Huluba\u0219i | Pohrebea","isPartOf":{"@id":"https:\/\/twodoveshouse.com\/#website"},"primaryImageOfPage":{"@id":"https:\/\/twodoveshouse.com\/produs\/craciunul-cu-cei-dragi\/#primaryimage"},"image":{"@id":"https:\/\/twodoveshouse.com\/produs\/craciunul-cu-cei-dragi\/#primaryimage"},"thumbnailUrl":"https:\/\/twodoveshouse.com\/wp-content\/uploads\/2025\/12\/Craciunul-cu-cei-dragi-la-Doi-Hulubasi-1.jpg","datePublished":"2025-12-02T16:39:18+00:00","dateModified":"2026-02-09T17:42:28+00:00","breadcrumb":{"@id":"https:\/\/twodoveshouse.com\/produs\/craciunul-cu-cei-dragi\/#breadcrumb"},"inLanguage":"en-US","potentialAction":[{"@type":"ReadAction","target":["https:\/\/twodoveshouse.com\/produs\/craciunul-cu-cei-dragi\/"]}]},{"@type":"ImageObject","inLanguage":"en-US","@id":"https:\/\/twodoveshouse.com\/produs\/craciunul-cu-cei-dragi\/#primaryimage","url":"https:\/\/twodoveshouse.com\/wp-content\/uploads\/2025\/12\/Craciunul-cu-cei-dragi-la-Doi-Hulubasi-1.jpg","contentUrl":"https:\/\/twodoveshouse.com\/wp-content\/uploads\/2025\/12\/Craciunul-cu-cei-dragi-la-Doi-Hulubasi-1.jpg","width":1080,"height":1350},{"@type":"BreadcrumbList","@id":"https:\/\/twodoveshouse.com\/produs\/craciunul-cu-cei-dragi\/#breadcrumb","itemListElement":[{"@type":"ListItem","position":1,"name":"Home","item":"https:\/\/twodoveshouse.com\/"},{"@type":"ListItem","position":2,"name":"Shop","item":"https:\/\/twodoveshouse.com\/shop\/"},{"@type":"ListItem","position":3,"name":"Cr\u0103ciunul cu cei Dragi"}]},{"@type":"WebSite","@id":"https:\/\/twodoveshouse.com\/#website","url":"https:\/\/twodoveshouse.com\/","name":"Casa Doi Huluba\u0219i | Pohrebea","description":"Casa Doi Huluba\u0219i | Pohrebea","publisher":{"@id":"https:\/\/twodoveshouse.com\/#organization"},"potentialAction":[{"@type":"SearchAction","target":{"@type":"EntryPoint","urlTemplate":"https:\/\/twodoveshouse.com\/?s={search_term_string}"},"query-input":{"@type":"PropertyValueSpecification","valueRequired":true,"valueName":"search_term_string"}}],"inLanguage":"en-US"},{"@type":"Organization","@id":"https:\/\/twodoveshouse.com\/#organization","name":"Casa Doi Huluba\u0219i | Pohrebea","url":"https:\/\/twodoveshouse.com\/","logo":{"@type":"ImageObject","inLanguage":"en-US","@id":"https:\/\/twodoveshouse.com\/#\/schema\/logo\/image\/","url":"https:\/\/twodoveshouse.com\/wp-content\/uploads\/2025\/07\/EN_Vertical_Noir.svg","contentUrl":"https:\/\/twodoveshouse.com\/wp-content\/uploads\/2025\/07\/EN_Vertical_Noir.svg","width":577,"height":514,"caption":"Casa Doi Huluba\u0219i | Pohrebea"},"image":{"@id":"https:\/\/twodoveshouse.com\/#\/schema\/logo\/image\/"},"sameAs":["https:\/\/www.facebook.com\/twodoveshouse\/","https:\/\/www.instagram.com\/twodoveshouse\/"]}]}},"_links":{"self":[{"href":"https:\/\/twodoveshouse.com\/en\/wp-json\/wp\/v2\/product\/5111","targetHints":{"allow":["GET"]}}],"collection":[{"href":"https:\/\/twodoveshouse.com\/en\/wp-json\/wp\/v2\/product"}],"about":[{"href":"https:\/\/twodoveshouse.com\/en\/wp-json\/wp\/v2\/types\/product"}],"version-history":[{"count":4,"href":"https:\/\/twodoveshouse.com\/en\/wp-json\/wp\/v2\/product\/5111\/revisions"}],"predecessor-version":[{"id":5298,"href":"https:\/\/twodoveshouse.com\/en\/wp-json\/wp\/v2\/product\/5111\/revisions\/5298"}],"wp:featuredmedia":[{"embeddable":true,"href":"https:\/\/twodoveshouse.com\/en\/wp-json\/wp\/v2\/media\/5243"}],"wp:attachment":[{"href":"https:\/\/twodoveshouse.com\/en\/wp-json\/wp\/v2\/media?parent=5111"}],"wp:term":[{"taxonomy":"product_brand","embeddable":true,"href":"https:\/\/twodoveshouse.com\/en\/wp-json\/wp\/v2\/product_brand?post=5111"},{"taxonomy":"product_cat","embeddable":true,"href":"https:\/\/twodoveshouse.com\/en\/wp-json\/wp\/v2\/product_cat?post=5111"},{"taxonomy":"product_tag","embeddable":true,"href":"https:\/\/twodoveshouse.com\/en\/wp-json\/wp\/v2\/product_tag?post=5111"}],"curies":[{"name":"wp","href":"https:\/\/api.w.org\/{rel}","templated":true}]}}