{"id":4676,"date":"2025-11-14T17:38:08","date_gmt":"2025-11-14T15:38:08","guid":{"rendered":"https:\/\/twodoveshouse.com\/?page_id=4676"},"modified":"2026-02-26T02:02:34","modified_gmt":"2026-02-26T00:02:34","slug":"preturi-pensiune-moldova-tarife-two-doves-house-pohrebea","status":"publish","type":"page","link":"https:\/\/twodoveshouse.com\/en\/servicii\/preturi-pensiune-moldova-tarife-two-doves-house-pohrebea\/","title":{"rendered":"Two Doves House Rates"},"content":{"rendered":"<div data-elementor-type=\"wp-page\" data-elementor-id=\"4676\" class=\"elementor elementor-4676\" data-elementor-post-type=\"page\">\n\t\t\t\t<div class=\"elementor-element elementor-element-29694c06 e-flex e-con-boxed e-con e-parent\" data-id=\"29694c06\" data-element_type=\"container\" data-e-type=\"container\">\n\t\t\t\t\t<div class=\"e-con-inner\">\n\t\t\t\t<div class=\"elementor-element elementor-element-3545ddda elementor-widget elementor-widget-text-editor\" data-id=\"3545ddda\" data-element_type=\"widget\" data-e-type=\"widget\" data-widget_type=\"text-editor.default\">\n\t\t\t\t<div class=\"elementor-widget-container\">\n\t\t\t\t\t\t\t\t\t<p><strong>Looking for a guesthouse in Moldova for a vacation, a private event, or a peaceful weekend in nature?<\/strong><br>Two Doves House \u2013 Casa Doi Huluba\u0219i, located in the village of Pohrebea on the banks of the Dniester River, offers clear and transparent pricing for accommodation, private events, and outdoor space rental.\nBelow you will find the latest pricing information and booking options.<\/p>\n<p><!-- \/wp:paragraph --><!-- wp:heading --><\/p>\n<h2 class=\"wp-block-heading\"><strong><a href=\"https:\/\/twodoveshouse.com\/en\/room\/chirie-pensiune\/\">TWO DOVES HOUSE RENTAL<\/a><\/strong><\/h2>\n<p><!-- \/wp:heading --><!-- wp:paragraph --><\/p>\n<p>The guesthouse consists of two buildings \u2014 a carefully restored traditional house and a modern one \u2014 offering:\n\n4 bedrooms\n\na spacious living room with a fireplace\n\na dining area with panoramic windows overlooking the Dniester\n\na fully equipped modern kitchen\n\na SPA area with two bathrooms and a sauna\n\nAn ideal place for family vacations, relaxing weekends, and private getaways.<\/p>\n<p><!-- \/wp:paragraph --><!-- wp:heading --><\/p>\n<h2 class=\"wp-block-heading\"><strong>De la&nbsp;640 \u20ac\/noapte<\/strong><\/h2>\n<div>The guesthouse provides towels, toiletries, and bed linen.<strong><\/strong><\/div>\n<p><!-- \/wp:heading --><!-- wp:paragraph --><\/p>\n<p><!-- \/wp:paragraph --><!-- wp:image {\"id\":2835,\"sizeSlug\":\"large\",\"linkDestination\":\"none\"} --><\/p>\n<figure class=\"wp-block-image size-large\"><img fetchpriority=\"high\" decoding=\"async\" width=\"1024\" height=\"683\" class=\"wp-image-2835\" src=\"https:\/\/twodoveshouse.com\/wp-content\/uploads\/2025\/07\/R6MB6158-1024x683.jpg\" alt=\"\" srcset=\"https:\/\/twodoveshouse.com\/wp-content\/uploads\/2025\/07\/R6MB6158-1024x683.jpg 1024w, https:\/\/twodoveshouse.com\/wp-content\/uploads\/2025\/07\/R6MB6158-150x100.jpg 150w, https:\/\/twodoveshouse.com\/wp-content\/uploads\/2025\/07\/R6MB6158-600x400.jpg 600w, https:\/\/twodoveshouse.com\/wp-content\/uploads\/2025\/07\/R6MB6158-300x200.jpg 300w, https:\/\/twodoveshouse.com\/wp-content\/uploads\/2025\/07\/R6MB6158-768x512.jpg 768w, https:\/\/twodoveshouse.com\/wp-content\/uploads\/2025\/07\/R6MB6158-1536x1024.jpg 1536w, https:\/\/twodoveshouse.com\/wp-content\/uploads\/2025\/07\/R6MB6158-1440x960.jpg 1440w, https:\/\/twodoveshouse.com\/wp-content\/uploads\/2025\/07\/R6MB6158-1200x800.jpg 1200w, https:\/\/twodoveshouse.com\/wp-content\/uploads\/2025\/07\/R6MB6158-780x520.jpg 780w, https:\/\/twodoveshouse.com\/wp-content\/uploads\/2025\/07\/R6MB6158-550x367.jpg 550w, https:\/\/twodoveshouse.com\/wp-content\/uploads\/2025\/07\/R6MB6158-370x247.jpg 370w, https:\/\/twodoveshouse.com\/wp-content\/uploads\/2025\/07\/R6MB6158-255x170.jpg 255w, https:\/\/twodoveshouse.com\/wp-content\/uploads\/2025\/07\/R6MB6158.jpg 1920w\" sizes=\"(max-width: 1024px) 100vw, 1024px\" \/><p><\/p>\n<figcaption class=\"wp-element-caption\">Accommodation at Two Doves House, Pohrebea<\/figcaption>\n<\/figure>\n<p><!-- \/wp:image --><!-- wp:heading {\"level\":1} --><\/p>\n<h1 class=\"wp-block-heading\"><a href=\"https:\/\/twodoveshouse.com\/en\/room\/chirie-curte-pentru-eveniment\/\">GARDEN &amp; EVENT SPACE RENTAL<\/a><\/h1>\n<p><!-- \/wp:heading --><!-- wp:paragraph --><\/p>\n<p>The event pergola, located just a few meters from the Dniester River, is the perfect setting for small weddings, anniversaries, retreats, corporate events, or family gatherings.<br>The space offers a stunning natural backdrop, ideal for outdoor dining and photography. It is one of the most appreciated venues by guests looking <strong>for unique event<\/strong> in Moldova<\/p>\n<p><!-- \/wp:paragraph --><!-- wp:heading --><\/p>\n<h2 class=\"wp-block-heading\"><strong>From \u20ac1,500 \/ day<\/strong><\/h2>\n<p><!-- \/wp:heading --><!-- wp:image {\"id\":4042,\"sizeSlug\":\"large\",\"linkDestination\":\"none\"} --><\/p>\n<figure class=\"wp-block-image size-large\"><img decoding=\"async\" width=\"1024\" height=\"683\" class=\"wp-image-4042\" src=\"https:\/\/twodoveshouse.com\/wp-content\/uploads\/2025\/07\/DSC03793-3-1024x683.jpg\" alt=\"\" srcset=\"https:\/\/twodoveshouse.com\/wp-content\/uploads\/2025\/07\/DSC03793-3-1024x683.jpg 1024w, https:\/\/twodoveshouse.com\/wp-content\/uploads\/2025\/07\/DSC03793-3-300x200.jpg 300w, https:\/\/twodoveshouse.com\/wp-content\/uploads\/2025\/07\/DSC03793-3-768x512.jpg 768w, https:\/\/twodoveshouse.com\/wp-content\/uploads\/2025\/07\/DSC03793-3-1536x1024.jpg 1536w, https:\/\/twodoveshouse.com\/wp-content\/uploads\/2025\/07\/DSC03793-3-18x12.jpg 18w, https:\/\/twodoveshouse.com\/wp-content\/uploads\/2025\/07\/DSC03793-3-1440x960.jpg 1440w, https:\/\/twodoveshouse.com\/wp-content\/uploads\/2025\/07\/DSC03793-3-1200x800.jpg 1200w, https:\/\/twodoveshouse.com\/wp-content\/uploads\/2025\/07\/DSC03793-3-780x520.jpg 780w, https:\/\/twodoveshouse.com\/wp-content\/uploads\/2025\/07\/DSC03793-3-600x400.jpg 600w, https:\/\/twodoveshouse.com\/wp-content\/uploads\/2025\/07\/DSC03793-3-550x367.jpg 550w, https:\/\/twodoveshouse.com\/wp-content\/uploads\/2025\/07\/DSC03793-3-370x247.jpg 370w, https:\/\/twodoveshouse.com\/wp-content\/uploads\/2025\/07\/DSC03793-3-255x170.jpg 255w, https:\/\/twodoveshouse.com\/wp-content\/uploads\/2025\/07\/DSC03793-3-150x100.jpg 150w, https:\/\/twodoveshouse.com\/wp-content\/uploads\/2025\/07\/DSC03793-3.jpg 1920w\" sizes=\"(max-width: 1024px) 100vw, 1024px\" \/><p><\/p>\n<figcaption class=\"wp-element-caption\">Event Pergola at Two Doves House, Pohrebea<\/figcaption>\n<\/figure>\n<p><!-- \/wp:image --><!-- wp:paragraph --><\/p>\n<p class=\"translation-block\">Plan your event, vacation, or weekend getaway at one of Moldova\u2019s most appreciated guesthouses \u2014 a place where nature and tranquility become part of the experience.<\/p>\n<p><!-- \/wp:paragraph --><!-- wp:buttons --><\/p>\n<div class=\"wp-block-buttons\">\n<p><!-- wp:button {\"textAlign\":\"center\",\"className\":\"is-style-fill\"} --><\/p>\n<p><!-- \/wp:button --><\/p>\n<\/div>\n<p><!-- \/wp:buttons --><\/p>\t\t\t\t\t\t\t\t<\/div>\n\t\t\t\t<\/div>\n\t\t\t\t<div class=\"elementor-element elementor-element-674887e elementor-align-center elementor-widget elementor-widget-cs_button\" data-id=\"674887e\" data-element_type=\"widget\" data-e-type=\"widget\" data-widget_type=\"cs_button.default\">\n\t\t\t\t<div class=\"elementor-widget-container\">\n\t\t\t\t\t        <a href=\"https:\/\/twodoveshouse.com\/en\/?guests=1+Adult&#038;adult-quantity=1&#038;search_rooms=&#038;checkin=2025-11-27&#038;checkout=2025-11-28&#038;roomSearchNonce=W3sibmFtZSI6Imd1ZXN0cyIsInZhbHVlIjoiMSBBZHVsdCJ9LHsibmFtZSI6ImFkdWx0LXF1YW50aXR5IiwidmFsdWUiOiIxIn0seyJuYW1lIjoic2VhcmNoX3Jvb21zIiwidmFsdWUiOiIifSx7Im5hbWUiOiJjaGVja2luIiwidmFsdWUiOiIyMDI1LTExLTI3In0seyJuYW1lIjoiY2hlY2tvdXQiLCJ2YWx1ZSI6IjIwMjUtMTEtMjgifV0%3D\" class=\"elementor-button-link button\" role=\"button\">\n            <span class=\"cs-btn-text\">BOOK NOW<\/span>        <\/a>\t\t\t\t<\/div>\n\t\t\t\t<\/div>\n\t\t\t\t\t<\/div>\n\t\t\t\t<\/div>\n\t\t\t\t<\/div>","protected":false},"excerpt":{"rendered":"<p>Cau\u021bi o pensiune \u00een Moldova pentru o vacan\u021b\u0103, un eveniment privat sau un weekend \u00een natur\u0103?Two Doves House \u2013 Casa Doi Huluba\u0219i din satul Pohrebea, pe malul Nistrului, ofer\u0103 tarife transparente pentru cazare, evenimente \u0219i \u00eenchiriere spa\u021bii \u00een aer liber. Mai jos g\u0103se\u0219ti toate informa\u021biile de pre\u021b actualizate \u0219i op\u021biunile de rezervare. CHIRIE CASA DOI &#8230;<\/p>","protected":false},"author":3,"featured_media":0,"parent":221,"menu_order":2,"comment_status":"closed","ping_status":"closed","template":"","meta":{"inline_featured_image":false,"cozystay_single_page_hide_site_header":"","cozystay_single_page_site_header_source":"","cozystay_single_page_custom_site_header":"0","cozystay_single_page_custom_sticky_site_header":"0","cozystay_single_page_hide_page_title":"","cozystay_single_page_header_section_size":"","cozystay_single_page_header_background_color":"","cozystay_single_page_header_background_position_x":"center","cozystay_single_page_header_background_position_y":"center","cozystay_single_page_header_background_size":"cover","cozystay_single_page_header_background_repeat":"off","cozystay_single_page_header_background_scroll":"on","cozystay_single_page_header_text_color":"","cozystay_single_page_header_show_breadcrumb":"","cozystay_single_page_site_footer_hide_main":"","cozystay_single_custom_site_footer_main_source":"","cozystay_single_custom_site_footer_main":"0","cozystay_single_page_site_footer_hide_above":"","cozystay_single_custom_site_footer_above_source":"","cozystay_single_custom_site_footer_above":"0","cozystay_single_page_site_footer_hide_instagram":"","cozystay_single_page_site_footer_hide_bottom":"","cozystay_single_custom_mobile_menu_source":"","cozystay_single_custom_mobile_menu":"0","cozystay_single_custom_mobile_menu_animation":"","cozystay_single_custom_mobile_menu_width":"","cozystay_single_custom_mobile_menu_custom_width":375,"footnotes":""},"class_list":["post-4676","page","type-page","status-publish","hentry"],"yoast_head":"<!-- This site is optimized with the Yoast SEO plugin v27.4 - https:\/\/yoast.com\/product\/yoast-seo-wordpress\/ -->\n<title>Tarifele Casei Doi Huluba\u0219i - Casa Doi Huluba\u0219i | Pohrebea<\/title>\n<meta name=\"description\" content=\"Two Doves House ofer\u0103 cazare \u00een natur\u0103, design rustic-modern \u0219i tot confortul pentru un sejur relaxant aproape de Chi\u0219in\u0103u.\" \/>\n<meta name=\"robots\" content=\"index, follow, max-snippet:-1, max-image-preview:large, max-video-preview:-1\" \/>\n<link rel=\"canonical\" href=\"https:\/\/twodoveshouse.com\/en\/servicii\/preturi-pensiune-moldova-tarife-two-doves-house-pohrebea\/\" \/>\n<meta property=\"og:locale\" content=\"en_US\" \/>\n<meta property=\"og:type\" content=\"article\" \/>\n<meta property=\"og:title\" content=\"Tarifele Casei Doi Huluba\u0219i - Casa Doi Huluba\u0219i | Pohrebea\" \/>\n<meta property=\"og:description\" content=\"Two Doves House ofer\u0103 cazare \u00een natur\u0103, design rustic-modern \u0219i tot confortul pentru un sejur relaxant aproape de Chi\u0219in\u0103u.\" \/>\n<meta property=\"og:url\" content=\"https:\/\/twodoveshouse.com\/en\/servicii\/preturi-pensiune-moldova-tarife-two-doves-house-pohrebea\/\" \/>\n<meta property=\"og:site_name\" content=\"Casa Doi Huluba\u0219i | Pohrebea\" \/>\n<meta property=\"article:publisher\" content=\"https:\/\/www.facebook.com\/twodoveshouse\/\" \/>\n<meta property=\"article:modified_time\" content=\"2026-02-26T00:02:34+00:00\" \/>\n<meta property=\"og:image\" content=\"https:\/\/twodoveshouse.com\/wp-content\/uploads\/2025\/07\/R6MB6158.jpg\" \/>\n\t<meta property=\"og:image:width\" content=\"1920\" \/>\n\t<meta property=\"og:image:height\" content=\"1280\" \/>\n\t<meta property=\"og:image:type\" content=\"image\/jpeg\" \/>\n<meta name=\"twitter:card\" content=\"summary_large_image\" \/>\n<meta name=\"twitter:label1\" content=\"Est. reading time\" \/>\n\t<meta name=\"twitter:data1\" content=\"2 minutes\" \/>\n<script type=\"application\/ld+json\" class=\"yoast-schema-graph\">{\"@context\":\"https:\\\/\\\/schema.org\",\"@graph\":[{\"@type\":\"WebPage\",\"@id\":\"https:\\\/\\\/twodoveshouse.com\\\/servicii\\\/preturi-pensiune-moldova-tarife-two-doves-house-pohrebea\\\/\",\"url\":\"https:\\\/\\\/twodoveshouse.com\\\/servicii\\\/preturi-pensiune-moldova-tarife-two-doves-house-pohrebea\\\/\",\"name\":\"Tarifele Casei Doi Huluba\u0219i - Casa Doi Huluba\u0219i | Pohrebea\",\"isPartOf\":{\"@id\":\"https:\\\/\\\/twodoveshouse.com\\\/#website\"},\"primaryImageOfPage\":{\"@id\":\"https:\\\/\\\/twodoveshouse.com\\\/servicii\\\/preturi-pensiune-moldova-tarife-two-doves-house-pohrebea\\\/#primaryimage\"},\"image\":{\"@id\":\"https:\\\/\\\/twodoveshouse.com\\\/servicii\\\/preturi-pensiune-moldova-tarife-two-doves-house-pohrebea\\\/#primaryimage\"},\"thumbnailUrl\":\"https:\\\/\\\/twodoveshouse.com\\\/wp-content\\\/uploads\\\/2025\\\/07\\\/R6MB6158-1024x683.jpg\",\"datePublished\":\"2025-11-14T15:38:08+00:00\",\"dateModified\":\"2026-02-26T00:02:34+00:00\",\"description\":\"Two Doves House ofer\u0103 cazare \u00een natur\u0103, design rustic-modern \u0219i tot confortul pentru un sejur relaxant aproape de Chi\u0219in\u0103u.\",\"breadcrumb\":{\"@id\":\"https:\\\/\\\/twodoveshouse.com\\\/servicii\\\/preturi-pensiune-moldova-tarife-two-doves-house-pohrebea\\\/#breadcrumb\"},\"inLanguage\":\"en-US\",\"potentialAction\":[{\"@type\":\"ReadAction\",\"target\":[\"https:\\\/\\\/twodoveshouse.com\\\/servicii\\\/preturi-pensiune-moldova-tarife-two-doves-house-pohrebea\\\/\"]}]},{\"@type\":\"ImageObject\",\"inLanguage\":\"en-US\",\"@id\":\"https:\\\/\\\/twodoveshouse.com\\\/servicii\\\/preturi-pensiune-moldova-tarife-two-doves-house-pohrebea\\\/#primaryimage\",\"url\":\"https:\\\/\\\/twodoveshouse.com\\\/wp-content\\\/uploads\\\/2025\\\/07\\\/R6MB6158-1024x683.jpg\",\"contentUrl\":\"https:\\\/\\\/twodoveshouse.com\\\/wp-content\\\/uploads\\\/2025\\\/07\\\/R6MB6158-1024x683.jpg\"},{\"@type\":\"BreadcrumbList\",\"@id\":\"https:\\\/\\\/twodoveshouse.com\\\/servicii\\\/preturi-pensiune-moldova-tarife-two-doves-house-pohrebea\\\/#breadcrumb\",\"itemListElement\":[{\"@type\":\"ListItem\",\"position\":1,\"name\":\"Home\",\"item\":\"https:\\\/\\\/twodoveshouse.com\\\/\"},{\"@type\":\"ListItem\",\"position\":2,\"name\":\"Servicii\",\"item\":\"https:\\\/\\\/twodoveshouse.com\\\/servicii\\\/\"},{\"@type\":\"ListItem\",\"position\":3,\"name\":\"Tarifele Casei Doi Huluba\u0219i\"}]},{\"@type\":\"WebSite\",\"@id\":\"https:\\\/\\\/twodoveshouse.com\\\/#website\",\"url\":\"https:\\\/\\\/twodoveshouse.com\\\/\",\"name\":\"Casa Doi Huluba\u0219i | Pohrebea\",\"description\":\"Casa Doi Huluba\u0219i | Pohrebea\",\"publisher\":{\"@id\":\"https:\\\/\\\/twodoveshouse.com\\\/#organization\"},\"potentialAction\":[{\"@type\":\"SearchAction\",\"target\":{\"@type\":\"EntryPoint\",\"urlTemplate\":\"https:\\\/\\\/twodoveshouse.com\\\/?s={search_term_string}\"},\"query-input\":{\"@type\":\"PropertyValueSpecification\",\"valueRequired\":true,\"valueName\":\"search_term_string\"}}],\"inLanguage\":\"en-US\"},{\"@type\":\"Organization\",\"@id\":\"https:\\\/\\\/twodoveshouse.com\\\/#organization\",\"name\":\"Casa Doi Huluba\u0219i | Pohrebea\",\"url\":\"https:\\\/\\\/twodoveshouse.com\\\/\",\"logo\":{\"@type\":\"ImageObject\",\"inLanguage\":\"en-US\",\"@id\":\"https:\\\/\\\/twodoveshouse.com\\\/#\\\/schema\\\/logo\\\/image\\\/\",\"url\":\"https:\\\/\\\/twodoveshouse.com\\\/wp-content\\\/uploads\\\/2025\\\/07\\\/EN_Vertical_Noir.svg\",\"contentUrl\":\"https:\\\/\\\/twodoveshouse.com\\\/wp-content\\\/uploads\\\/2025\\\/07\\\/EN_Vertical_Noir.svg\",\"width\":577,\"height\":514,\"caption\":\"Casa Doi Huluba\u0219i | Pohrebea\"},\"image\":{\"@id\":\"https:\\\/\\\/twodoveshouse.com\\\/#\\\/schema\\\/logo\\\/image\\\/\"},\"sameAs\":[\"https:\\\/\\\/www.facebook.com\\\/twodoveshouse\\\/\",\"https:\\\/\\\/www.instagram.com\\\/twodoveshouse\\\/\"]}]}<\/script>\n<!-- \/ Yoast SEO plugin. -->","yoast_head_json":{"title":"Tarifele Casei Doi Huluba\u0219i - Casa Doi Huluba\u0219i | Pohrebea","description":"Two Doves House ofer\u0103 cazare \u00een natur\u0103, design rustic-modern \u0219i tot confortul pentru un sejur relaxant aproape de Chi\u0219in\u0103u.","robots":{"index":"index","follow":"follow","max-snippet":"max-snippet:-1","max-image-preview":"max-image-preview:large","max-video-preview":"max-video-preview:-1"},"canonical":"https:\/\/twodoveshouse.com\/en\/servicii\/preturi-pensiune-moldova-tarife-two-doves-house-pohrebea\/","og_locale":"en_US","og_type":"article","og_title":"Tarifele Casei Doi Huluba\u0219i - Casa Doi Huluba\u0219i | Pohrebea","og_description":"Two Doves House ofer\u0103 cazare \u00een natur\u0103, design rustic-modern \u0219i tot confortul pentru un sejur relaxant aproape de Chi\u0219in\u0103u.","og_url":"https:\/\/twodoveshouse.com\/en\/servicii\/preturi-pensiune-moldova-tarife-two-doves-house-pohrebea\/","og_site_name":"Casa Doi Huluba\u0219i | Pohrebea","article_publisher":"https:\/\/www.facebook.com\/twodoveshouse\/","article_modified_time":"2026-02-26T00:02:34+00:00","og_image":[{"width":1920,"height":1280,"url":"https:\/\/twodoveshouse.com\/wp-content\/uploads\/2025\/07\/R6MB6158.jpg","type":"image\/jpeg"}],"twitter_card":"summary_large_image","twitter_misc":{"Est. reading time":"2 minutes"},"schema":{"@context":"https:\/\/schema.org","@graph":[{"@type":"WebPage","@id":"https:\/\/twodoveshouse.com\/servicii\/preturi-pensiune-moldova-tarife-two-doves-house-pohrebea\/","url":"https:\/\/twodoveshouse.com\/servicii\/preturi-pensiune-moldova-tarife-two-doves-house-pohrebea\/","name":"Tarifele Casei Doi Huluba\u0219i - Casa Doi Huluba\u0219i | Pohrebea","isPartOf":{"@id":"https:\/\/twodoveshouse.com\/#website"},"primaryImageOfPage":{"@id":"https:\/\/twodoveshouse.com\/servicii\/preturi-pensiune-moldova-tarife-two-doves-house-pohrebea\/#primaryimage"},"image":{"@id":"https:\/\/twodoveshouse.com\/servicii\/preturi-pensiune-moldova-tarife-two-doves-house-pohrebea\/#primaryimage"},"thumbnailUrl":"https:\/\/twodoveshouse.com\/wp-content\/uploads\/2025\/07\/R6MB6158-1024x683.jpg","datePublished":"2025-11-14T15:38:08+00:00","dateModified":"2026-02-26T00:02:34+00:00","description":"Two Doves House ofer\u0103 cazare \u00een natur\u0103, design rustic-modern \u0219i tot confortul pentru un sejur relaxant aproape de Chi\u0219in\u0103u.","breadcrumb":{"@id":"https:\/\/twodoveshouse.com\/servicii\/preturi-pensiune-moldova-tarife-two-doves-house-pohrebea\/#breadcrumb"},"inLanguage":"en-US","potentialAction":[{"@type":"ReadAction","target":["https:\/\/twodoveshouse.com\/servicii\/preturi-pensiune-moldova-tarife-two-doves-house-pohrebea\/"]}]},{"@type":"ImageObject","inLanguage":"en-US","@id":"https:\/\/twodoveshouse.com\/servicii\/preturi-pensiune-moldova-tarife-two-doves-house-pohrebea\/#primaryimage","url":"https:\/\/twodoveshouse.com\/wp-content\/uploads\/2025\/07\/R6MB6158-1024x683.jpg","contentUrl":"https:\/\/twodoveshouse.com\/wp-content\/uploads\/2025\/07\/R6MB6158-1024x683.jpg"},{"@type":"BreadcrumbList","@id":"https:\/\/twodoveshouse.com\/servicii\/preturi-pensiune-moldova-tarife-two-doves-house-pohrebea\/#breadcrumb","itemListElement":[{"@type":"ListItem","position":1,"name":"Home","item":"https:\/\/twodoveshouse.com\/"},{"@type":"ListItem","position":2,"name":"Servicii","item":"https:\/\/twodoveshouse.com\/servicii\/"},{"@type":"ListItem","position":3,"name":"Tarifele Casei Doi Huluba\u0219i"}]},{"@type":"WebSite","@id":"https:\/\/twodoveshouse.com\/#website","url":"https:\/\/twodoveshouse.com\/","name":"Casa Doi Huluba\u0219i | Pohrebea","description":"Casa Doi Huluba\u0219i | Pohrebea","publisher":{"@id":"https:\/\/twodoveshouse.com\/#organization"},"potentialAction":[{"@type":"SearchAction","target":{"@type":"EntryPoint","urlTemplate":"https:\/\/twodoveshouse.com\/?s={search_term_string}"},"query-input":{"@type":"PropertyValueSpecification","valueRequired":true,"valueName":"search_term_string"}}],"inLanguage":"en-US"},{"@type":"Organization","@id":"https:\/\/twodoveshouse.com\/#organization","name":"Casa Doi Huluba\u0219i | Pohrebea","url":"https:\/\/twodoveshouse.com\/","logo":{"@type":"ImageObject","inLanguage":"en-US","@id":"https:\/\/twodoveshouse.com\/#\/schema\/logo\/image\/","url":"https:\/\/twodoveshouse.com\/wp-content\/uploads\/2025\/07\/EN_Vertical_Noir.svg","contentUrl":"https:\/\/twodoveshouse.com\/wp-content\/uploads\/2025\/07\/EN_Vertical_Noir.svg","width":577,"height":514,"caption":"Casa Doi Huluba\u0219i | Pohrebea"},"image":{"@id":"https:\/\/twodoveshouse.com\/#\/schema\/logo\/image\/"},"sameAs":["https:\/\/www.facebook.com\/twodoveshouse\/","https:\/\/www.instagram.com\/twodoveshouse\/"]}]}},"_links":{"self":[{"href":"https:\/\/twodoveshouse.com\/en\/wp-json\/wp\/v2\/pages\/4676","targetHints":{"allow":["GET"]}}],"collection":[{"href":"https:\/\/twodoveshouse.com\/en\/wp-json\/wp\/v2\/pages"}],"about":[{"href":"https:\/\/twodoveshouse.com\/en\/wp-json\/wp\/v2\/types\/page"}],"author":[{"embeddable":true,"href":"https:\/\/twodoveshouse.com\/en\/wp-json\/wp\/v2\/users\/3"}],"replies":[{"embeddable":true,"href":"https:\/\/twodoveshouse.com\/en\/wp-json\/wp\/v2\/comments?post=4676"}],"version-history":[{"count":37,"href":"https:\/\/twodoveshouse.com\/en\/wp-json\/wp\/v2\/pages\/4676\/revisions"}],"predecessor-version":[{"id":5529,"href":"https:\/\/twodoveshouse.com\/en\/wp-json\/wp\/v2\/pages\/4676\/revisions\/5529"}],"up":[{"embeddable":true,"href":"https:\/\/twodoveshouse.com\/en\/wp-json\/wp\/v2\/pages\/221"}],"wp:attachment":[{"href":"https:\/\/twodoveshouse.com\/en\/wp-json\/wp\/v2\/media?parent=4676"}],"curies":[{"name":"wp","href":"https:\/\/api.w.org\/{rel}","templated":true}]}}