{"id":1327,"date":"2025-08-02T02:48:36","date_gmt":"2025-08-01T23:48:36","guid":{"rendered":"https:\/\/cozystay.loftocean.com\/mountain-chalet\/?page_id=1327"},"modified":"2025-12-10T11:30:22","modified_gmt":"2025-12-10T09:30:22","slug":"termeni-si-conditii","status":"publish","type":"page","link":"https:\/\/twodoveshouse.com\/en\/termeni-si-conditii\/","title":{"rendered":"Terms and conditions"},"content":{"rendered":"<div data-elementor-type=\"wp-page\" data-elementor-id=\"1327\" class=\"elementor elementor-1327\" data-elementor-post-type=\"page\">\n\t\t\t\t<div class=\"elementor-element elementor-element-27092a6d e-flex e-con-boxed e-con e-parent\" data-id=\"27092a6d\" data-element_type=\"container\" data-e-type=\"container\">\n\t\t\t\t\t<div class=\"e-con-inner\">\n\t\t\t\t<div class=\"elementor-element elementor-element-5fa5164d elementor-widget elementor-widget-text-editor\" data-id=\"5fa5164d\" data-element_type=\"widget\" data-e-type=\"widget\" data-widget_type=\"text-editor.default\">\n\t\t\t\t<div class=\"elementor-widget-container\">\n\t\t\t\t\t\t\t\t\t<p>Prezen\u021bii Termeni \u0219i Condi\u021bii de utilizare a site-lui <a href=\"https:\/\/twodoveshouse.com\/en\/\" target=\"_blank\" rel=\"noopener\">www.twodoveshouse.com<\/a> sunt aplicabile comenzilor pentru achizi\u021bionarea produselor\/serviciilor oferite de compania Colt de Rai SRL prin intermediul site-ului.<\/p><p>Pentru folosirea \u00een bune condi\u021bii a site-ului, v\u0103 recomand\u0103m familiarizarea cu aten\u021bie a Termenilor \u0219i Condi\u021bii-lor prezentate. Ne rezerv\u0103m dreptul de a face modific\u0103ri ale acestor prevederi, f\u0103r\u0103 o notificare prealabil\u0103.<\/p><h3>1. DISPOZI\u021aII GENERALE<\/h3><p>Acest site este de\u021binut de Colt de Rai SRL. La \u00eenregistrarea comenzii in magazinul online, Cump\u0103r\u0103torul accepta Termeni si Condi\u021biile de v\u00e2nzare a bunurilor\/produselor \u0219i\/sau prestare a serviciilor care sunt baza\u021bi pe legisla\u021bia RM (in continuare \u2013 Termeni \u0219i Condi\u021bii) prezentate mai jos. Utilizarea website-ului presupune acceptarea Termeni si Condi\u021bii propuse de c\u0103tre Colt de Rai SRL, \u00een conformitate cu Legea nr.284\/2004 privind Comer\u021bul Electronic. Rela\u021biile dintre client si v\u00e2nz\u0103tor sunt stabilite \u00een baza Legii nr.105\/2003 cu privire la Protec\u021bia drepturilor consumatorului, si a altor acte normative adoptate \u00een conformitate cu aceasta.<br \/>V\u00e2nz\u0103torul \u00ee\u0219i rezerva dreptul de a modifica Termenii si Condi\u021biile date, iar Cump\u0103r\u0103torul este obligat sa monitorizeze modific\u0103rile.<\/p><h3>2. PROTEC\u021aIA DATELOR CU CARACTER PERSONAL<\/h3><p>Prin utilizarea site-ului\u00a0<a href=\"https:\/\/twodoveshouse.com\/en\/\" target=\"_blank\" rel=\"noopener\">www.twodoveshouse.com<\/a>\u00a0, sunte\u021bi de acord \u00een mod automat cu colectarea \u0219i prelucrarea datelor cu caracter personal, care sunt necesare pentru procesarea\/confirmarea\/executarea comenzilor.<br \/>Datele personale se prelucreaz\u0103 doar pentru scopuri legitime, precum acela de a furniza produsele pe care le comanzi, promo\u021bii, google analytics, cookies \u0219i notific\u0103ri\\newsletter.<br \/>Toat\u0103 informa\u021bia ce con\u021bine date cu caracter personal este stocat\u0103 \u0219i utilizat\u0103 doar pentru perioada necesar\u0103 atingerii scopurilor pentru care a fost colectat\u0103 \u0219i \u00een conformitate cu prevederile stabilite de Legea nr. 133\/2011 privind protec\u021bia datelor cu caracter personal.<br \/>Noi folosim m\u0103suri de securitate comerciale pentru a preveni accesul neautorizat, men\u021binerea exactit\u0103\u021bii date-lor \u0219i pentru asigurarea utiliz\u0103rii corecte a informa\u021biei de pe site. Transmiterea datelor pe internet sau prin re\u021bea wireless nu poate fi protejata \u00een totalitate. Prin urmare, la fel ca alte companii, noi nu putem garanta securitatea informa\u021biei pe care o ofer\u0103 Cump\u0103r\u0103torului, astfel, el va face acest lucru pe propria r\u0103spundere.<\/p><h3>3. \u00ceNREGISTRAREA \u0218I ACHITAREA COMENZII<\/h3><p>Achitarea comenzilor este posibil\u0103 cu cardul de plat\u0103 \u2013 la primirea comenzii ve\u021bi primi bonul fiscal ce va confirma plata.Plata online se face \u00een condi\u021bii de siguran\u021ba maxima folosind ca instrument de plat\u0103 cardul de plat\u0103, care permite efectuarea de tranzac\u021bii online. Dup\u0103 efectuarea pl\u0103\u021bii ve\u021bi primi o confirmare de plata pe adresa dvs. de email.<br \/>Procesatorul de plata folose\u0219te un sistem securizat, bazat pe ultima versiunea a standardului de securitate 3D-Secure ceea ce \u00eenseamn\u0103 o nou\u0103 abordare global\u0103 a autentific\u0103rii cump\u0103r\u0103torilor \u00een tranzac\u021bii sigure online. Aceasta m\u0103sura de siguran\u021ba presupune redirec\u021bionarea utilizatorului \u00een momentul efectu\u0103rii pla\u021bii pe<br \/>o pagina securizata maib unde autentificarea fiec\u0103rui de\u021bin\u0103tor de card se face prin atribuirea unui cod de unic\u0103 folosin\u021be pentru fiecare tranzac\u021bie online.<\/p><p><span style=\"font-size: inherit;\">Rambursarea mijloacelor b\u0103ne\u0219ti se efectueaz\u0103 doar pe cardul de plat\u0103 care a fost folosit pentru achizi\u021bie.Pentru a efectua o plat\u0103, va trebui s\u0103 introduce\u021bi detaliile cardului dvs. bancar. Transferul acestor informa\u021bii se face \u00een conformitate cu toate m\u0103surile de securitate necesare. Informa\u021biile sunt transmise \u00een form\u0103 criptat\u0103 \u0219i sunt stocate numai pe un server specializat al sistemului de pl\u0103\u021bi. Pentru efectuarea pl\u0103\u021bii vor fi solicitate urm\u0103toarele date:<\/span><\/p><p>o Num\u0103rul cardului (16 cifre)<br \/>o Data expir\u0103rii (luna \u0219i anul)<br \/>o Codul CVC sau CVV (3 cifre)<br \/>o Numele \u0219i prenumele de pe cardul de plat\u0103<\/p><p>\u00cen cazul \u00een care valuta cardului difer\u0103 de valuta tranzac\u021biei (MDL), atunci la convertirea sumei re\u021binute din contul de card se vor aplica condi\u021biile b\u0103ncii emitente.<\/p><h3>4. LIVRAREA PRODUSELOR \/ M\u0102RFURILOR \/ SERVICIILOR<\/h3><p>Dup\u0103 \u00eenregistrarea comenzii, cump\u0103r\u0103torului prime\u0219te \u00een maxim 24 ore confirmarea comenzii cu toate detaliile necesare pentru a beneficia de serviciu.<\/p><h3>5. DREPTUL LA RETUR<\/h3><p>Conform no\u021biunii din Legea nr. 105-XV din 13 martie 2013 privind protec\u021bia consumatorilor<\/p><p>Cump\u0103r\u0103torul are dreptul de a beneficia de returul complet al banilor\u00a0 \u00een timp de 14 zile de la ziua achit\u0103rii \u0219i nu mai t\u00e2rziu de 30 zile p\u00e2n\u0103 la data rezerv\u0103rii f\u0103cute. Mijloacele b\u0103ne\u0219ti sunt returnate pe cardul de pe care s-a efectuat cump\u0103r\u0103tura.\u00a0<\/p><p>Contactele companiei in caz de retur: +373 79900288<\/p><p>Termenul de procesare a cererii de retur: 14 zile<\/p><p>Condi\u021biile de retur: Suma este rambursat\u0103 integral, dac\u0103 cererea de retur este f\u0103cut\u0103 nu mai t\u00e2rziu de 30 zile p\u00e2n\u0103 la data rezerv\u0103rii. Returul \u00een propor\u021bie de 50 % este efectuat dac\u0103 este solicitat nu mai t\u00e2rziu de 14 zile p\u00e2n\u0103 la data rezerv\u0103rii. Returul \u00een propor\u021bie de 25 % este efectuat dac\u0103 este solicitat nu mai t\u00e2rziu de 7 zile p\u00e2n\u0103 la data rezerv\u0103rii.\u00a0<\/p><h3><span style=\"font-family: Marcellus, serif; font-size: 1.75rem;\">6. POLITICA DE CONFIDEN\u021aIALITATE<\/span><\/h3><p>\u00cen conformitate cu prevederile Legii Nr.133\/2011 privind protec\u021bia datelor cu caracter personal, furnizorul de servicii prelucreaz\u0103 date cu caracter personal. Datele cu caracter personal sunt prelucrate cu buna-credin\u021b\u0103 \u0219i se face \u00een temeiul \u0219i \u00een conformitate cu prevederile legale. Prelucrarea datelor cu caracter personal se realizeaz\u0103 prin mijloace mixte (automate \u0219i manuale), cu respectarea cerin\u021belor legale \u0219i \u00een condi\u021bii care s\u0103 asigure securitatea, confiden\u021bialitatea \u0219i respectarea drepturilor persoanelor vizate.<br \/>Furnizorul colecteaz\u0103 \u0219i prelucreaz\u0103 doar datele personale furnizate de consumatori la efectuarea comenzii:<br \/>nume, prenume, num\u0103r de telefon, adresa, adresa po\u0219tal\u0103.<br \/>Datele personale sunt utilizate exclusiv \u00een scopul administr\u0103rii site-ului, pentru a permite accesul la informa\u021bii special, pentru livrarea comenzilor sau pentru a contacta consumatorul \u00een vederea execut\u0103rii livr\u0103rii. Prin prezenta informare, utilizatorii \u0219i consumatorii iau cuno\u0219tin\u021b\u0103 despre faptul c\u0103 li se vor prelucra \u0219i utiliza datele cu caracter personal (nume, prenume, num\u0103r de telefon, adresa, adresa po\u0219tal\u0103). Furnizorul de<br \/>servicii prelucreaz\u0103 datele cu caracter personal ale utilizatorilor \u0219i consumatorilor care sunt furnizate prin navigarea, folosirea \u0219i \u00eenregistrarea pe site-ul <a href=\"https:\/\/twodoveshouse.com\/en\/\" target=\"_blank\" rel=\"noopener\">www.twodoveshouse.com<\/a><br \/>Orice informa\u021bie furnizat\u0103 de c\u0103tre utilizatorii \u0219i consumatorii site-ului <a href=\"https:\/\/twodoveshouse.com\/en\/\" target=\"_blank\" rel=\"noopener\">www.twodoveshouse.com<\/a>, va fi considerat\u0103 \u0219i va reprezenta consim\u021b\u0103m\u00e2ntul expres ca datele personale s\u0103 fie folosite de Furnizor. Furnizorul nu va dezv\u0103lui unei ter\u021be p\u0103r\u021bi niciuna dintre datele de\u021binute, f\u0103r\u0103 acordul persoanelor vizate \u0219i nu va comercializa, schimba, divulga aceste date cu alte persoane, cu excep\u021biile prev\u0103zute de legisla\u021bia \u00een vigoare (la solicitarea institu\u021biilor publice ale statului, organele de drept, instan\u021belor de judecat\u0103, de asemenea autorizate s\u0103 prelucreze date cu caracter personal). Datele cu caracter personal pot fi prelucrate \u0219i utilizate de c\u0103tre Furnizor \u0219i \u00een scopuri statistice \u0219i de promovare ulterioar\u0103.<br \/>Furnizorul de servicii \u00eendepline\u0219te cerin\u021bele de securitate a datelor cu caracter personal \u0219i asigur\u0103 protec\u021bia datelor consumatorilor \u0219i le protejeaz\u0103 pentru a nu fi pierdute, distruse, distorsionate\/falsificate sau divulgate ter\u021belor persoane.<br \/>Angaja\u021bii furnizorului de servicii sunt obliga\u021bi s\u0103 respecte confiden\u021bialitatea datelor personale ale consumatorilor. Prelucrarea datelor cu caracter personal va fi realizat\u0103 de persoana \u00eemputernicit\u0103 a Furnizorului.<br \/>Furnizorul utilizeaz\u0103 metode \u0219i tehnologii de securitate conform prevederilor legale \u00een vigoare.Furnizorul nu colecteaz\u0103 informa\u021bii referitoare la tranzac\u021bii, cum ar fi nr. la card, data expir\u0103rii, \u021bara de origine.<br \/>Pentru mai multe detalii \u0219i informa\u021bii orice persoan\u0103 interesat\u0103 se poate adresa printr-un email la <a href=\"mailto:info@twodoveshouse.com\">info@twodoveshouse.com<\/a> sau prin telefon la num\u0103rul\u00a0<a style=\"background-color: #ffffff;\" href=\"tel:+373 79900288\" target=\"_blank\" rel=\"noopener\">+373 79900288<\/a><\/p><h3>7. DATELE DE CONTACT<\/h3><p>Denumirea juridica a companiei: <br \/>Colt de Rai SRL<br \/>IDNO: 1020600043002<br \/>Adresa juridica: MD-4572,str. P\u0103cii, 2, satul Pohrebea, rl. Dub\u0103sari<br \/>Telefon de contact:\u00a0<a href=\"tel:+373 79900288\" target=\"_blank\" rel=\"noopener\">+373 79900288<\/a><br \/>Email de contact:\u00a0<a style=\"background-color: #ffffff;\" href=\"mailto:nataalbot@gmail.com\" target=\"_blank\" rel=\"noopener\">nataalbot@gmail.com<\/a><\/p>\t\t\t\t\t\t\t\t<\/div>\n\t\t\t\t<\/div>\n\t\t\t\t\t<\/div>\n\t\t\t\t<\/div>\n\t\t\t\t<\/div>","protected":false},"excerpt":{"rendered":"<p>Prezen\u021bii Termeni \u0219i Condi\u021bii de utilizare a site-lui www.twodoveshouse.com sunt aplicabile comenzilor pentru achizi\u021bionarea produselor\/serviciilor oferite de compania Colt de Rai SRL prin intermediul site-ului. Pentru folosirea \u00een bune condi\u021bii a site-ului, v\u0103 recomand\u0103m familiarizarea cu aten\u021bie a Termenilor \u0219i Condi\u021bii-lor prezentate. Ne rezerv\u0103m dreptul de a face modific\u0103ri ale acestor prevederi, f\u0103r\u0103 o notificare &#8230;<\/p>","protected":false},"author":1,"featured_media":0,"parent":0,"menu_order":0,"comment_status":"closed","ping_status":"closed","template":"template-fullwidth.php","meta":{"inline_featured_image":false,"cozystay_single_page_hide_site_header":"","cozystay_single_page_site_header_source":"","cozystay_single_page_custom_site_header":"0","cozystay_single_page_custom_sticky_site_header":"0","cozystay_single_page_hide_page_title":"","cozystay_single_page_header_section_size":"","cozystay_single_page_header_background_color":"","cozystay_single_page_header_background_position_x":"center","cozystay_single_page_header_background_position_y":"center","cozystay_single_page_header_background_size":"cover","cozystay_single_page_header_background_repeat":"off","cozystay_single_page_header_background_scroll":"on","cozystay_single_page_header_text_color":"","cozystay_single_page_header_show_breadcrumb":"","cozystay_single_page_site_footer_hide_main":"","cozystay_single_custom_site_footer_main_source":"","cozystay_single_custom_site_footer_main":"0","cozystay_single_page_site_footer_hide_above":"","cozystay_single_custom_site_footer_above_source":"","cozystay_single_custom_site_footer_above":"0","cozystay_single_page_site_footer_hide_instagram":"","cozystay_single_page_site_footer_hide_bottom":"","cozystay_single_custom_mobile_menu_source":"","cozystay_single_custom_mobile_menu":"0","cozystay_single_custom_mobile_menu_animation":"","cozystay_single_custom_mobile_menu_width":"","cozystay_single_custom_mobile_menu_custom_width":375,"footnotes":""},"class_list":["post-1327","page","type-page","status-publish","hentry"],"yoast_head":"<!-- This site is optimized with the Yoast SEO plugin v27.4 - https:\/\/yoast.com\/product\/yoast-seo-wordpress\/ -->\n<title>Termeni \u0219i condi\u021bii - Casa Doi Huluba\u0219i | Pohrebea<\/title>\n<meta name=\"description\" content=\"Pensiune cu cazare pentru familii \u0219i grupuri mici\" \/>\n<meta name=\"robots\" content=\"index, follow, max-snippet:-1, max-image-preview:large, max-video-preview:-1\" \/>\n<link rel=\"canonical\" href=\"https:\/\/twodoveshouse.com\/en\/termeni-si-conditii\/\" \/>\n<meta property=\"og:locale\" content=\"en_US\" \/>\n<meta property=\"og:type\" content=\"article\" \/>\n<meta property=\"og:title\" content=\"Termeni \u0219i condi\u021bii - Casa Doi Huluba\u0219i | Pohrebea\" \/>\n<meta property=\"og:description\" content=\"Pensiune cu cazare pentru familii \u0219i grupuri mici\" \/>\n<meta property=\"og:url\" content=\"https:\/\/twodoveshouse.com\/en\/termeni-si-conditii\/\" \/>\n<meta property=\"og:site_name\" content=\"Casa Doi Huluba\u0219i | Pohrebea\" \/>\n<meta property=\"article:publisher\" content=\"https:\/\/www.facebook.com\/twodoveshouse\/\" \/>\n<meta property=\"article:modified_time\" content=\"2025-12-10T09:30:22+00:00\" \/>\n<meta name=\"twitter:card\" content=\"summary_large_image\" \/>\n<meta name=\"twitter:label1\" content=\"Est. reading time\" \/>\n\t<meta name=\"twitter:data1\" content=\"7 minutes\" \/>\n<script type=\"application\/ld+json\" class=\"yoast-schema-graph\">{\"@context\":\"https:\\\/\\\/schema.org\",\"@graph\":[{\"@type\":\"WebPage\",\"@id\":\"https:\\\/\\\/twodoveshouse.com\\\/termeni-si-conditii\\\/\",\"url\":\"https:\\\/\\\/twodoveshouse.com\\\/termeni-si-conditii\\\/\",\"name\":\"Termeni \u0219i condi\u021bii - Casa Doi Huluba\u0219i | Pohrebea\",\"isPartOf\":{\"@id\":\"https:\\\/\\\/twodoveshouse.com\\\/#website\"},\"datePublished\":\"2025-08-01T23:48:36+00:00\",\"dateModified\":\"2025-12-10T09:30:22+00:00\",\"description\":\"Pensiune cu cazare pentru familii \u0219i grupuri mici\",\"breadcrumb\":{\"@id\":\"https:\\\/\\\/twodoveshouse.com\\\/termeni-si-conditii\\\/#breadcrumb\"},\"inLanguage\":\"en-US\",\"potentialAction\":[{\"@type\":\"ReadAction\",\"target\":[\"https:\\\/\\\/twodoveshouse.com\\\/termeni-si-conditii\\\/\"]}]},{\"@type\":\"BreadcrumbList\",\"@id\":\"https:\\\/\\\/twodoveshouse.com\\\/termeni-si-conditii\\\/#breadcrumb\",\"itemListElement\":[{\"@type\":\"ListItem\",\"position\":1,\"name\":\"Home\",\"item\":\"https:\\\/\\\/twodoveshouse.com\\\/\"},{\"@type\":\"ListItem\",\"position\":2,\"name\":\"Termeni \u0219i condi\u021bii\"}]},{\"@type\":\"WebSite\",\"@id\":\"https:\\\/\\\/twodoveshouse.com\\\/#website\",\"url\":\"https:\\\/\\\/twodoveshouse.com\\\/\",\"name\":\"Casa Doi Huluba\u0219i | Pohrebea\",\"description\":\"Casa Doi Huluba\u0219i | Pohrebea\",\"publisher\":{\"@id\":\"https:\\\/\\\/twodoveshouse.com\\\/#organization\"},\"potentialAction\":[{\"@type\":\"SearchAction\",\"target\":{\"@type\":\"EntryPoint\",\"urlTemplate\":\"https:\\\/\\\/twodoveshouse.com\\\/?s={search_term_string}\"},\"query-input\":{\"@type\":\"PropertyValueSpecification\",\"valueRequired\":true,\"valueName\":\"search_term_string\"}}],\"inLanguage\":\"en-US\"},{\"@type\":\"Organization\",\"@id\":\"https:\\\/\\\/twodoveshouse.com\\\/#organization\",\"name\":\"Casa Doi Huluba\u0219i | Pohrebea\",\"url\":\"https:\\\/\\\/twodoveshouse.com\\\/\",\"logo\":{\"@type\":\"ImageObject\",\"inLanguage\":\"en-US\",\"@id\":\"https:\\\/\\\/twodoveshouse.com\\\/#\\\/schema\\\/logo\\\/image\\\/\",\"url\":\"https:\\\/\\\/twodoveshouse.com\\\/wp-content\\\/uploads\\\/2025\\\/07\\\/EN_Vertical_Noir.svg\",\"contentUrl\":\"https:\\\/\\\/twodoveshouse.com\\\/wp-content\\\/uploads\\\/2025\\\/07\\\/EN_Vertical_Noir.svg\",\"width\":577,\"height\":514,\"caption\":\"Casa Doi Huluba\u0219i | Pohrebea\"},\"image\":{\"@id\":\"https:\\\/\\\/twodoveshouse.com\\\/#\\\/schema\\\/logo\\\/image\\\/\"},\"sameAs\":[\"https:\\\/\\\/www.facebook.com\\\/twodoveshouse\\\/\",\"https:\\\/\\\/www.instagram.com\\\/twodoveshouse\\\/\"]}]}<\/script>\n<!-- \/ Yoast SEO plugin. -->","yoast_head_json":{"title":"Termeni \u0219i condi\u021bii - Casa Doi Huluba\u0219i | Pohrebea","description":"Pensiune cu cazare pentru familii \u0219i grupuri mici","robots":{"index":"index","follow":"follow","max-snippet":"max-snippet:-1","max-image-preview":"max-image-preview:large","max-video-preview":"max-video-preview:-1"},"canonical":"https:\/\/twodoveshouse.com\/en\/termeni-si-conditii\/","og_locale":"en_US","og_type":"article","og_title":"Termeni \u0219i condi\u021bii - Casa Doi Huluba\u0219i | Pohrebea","og_description":"Pensiune cu cazare pentru familii \u0219i grupuri mici","og_url":"https:\/\/twodoveshouse.com\/en\/termeni-si-conditii\/","og_site_name":"Casa Doi Huluba\u0219i | Pohrebea","article_publisher":"https:\/\/www.facebook.com\/twodoveshouse\/","article_modified_time":"2025-12-10T09:30:22+00:00","twitter_card":"summary_large_image","twitter_misc":{"Est. reading time":"7 minutes"},"schema":{"@context":"https:\/\/schema.org","@graph":[{"@type":"WebPage","@id":"https:\/\/twodoveshouse.com\/termeni-si-conditii\/","url":"https:\/\/twodoveshouse.com\/termeni-si-conditii\/","name":"Termeni \u0219i condi\u021bii - Casa Doi Huluba\u0219i | Pohrebea","isPartOf":{"@id":"https:\/\/twodoveshouse.com\/#website"},"datePublished":"2025-08-01T23:48:36+00:00","dateModified":"2025-12-10T09:30:22+00:00","description":"Pensiune cu cazare pentru familii \u0219i grupuri mici","breadcrumb":{"@id":"https:\/\/twodoveshouse.com\/termeni-si-conditii\/#breadcrumb"},"inLanguage":"en-US","potentialAction":[{"@type":"ReadAction","target":["https:\/\/twodoveshouse.com\/termeni-si-conditii\/"]}]},{"@type":"BreadcrumbList","@id":"https:\/\/twodoveshouse.com\/termeni-si-conditii\/#breadcrumb","itemListElement":[{"@type":"ListItem","position":1,"name":"Home","item":"https:\/\/twodoveshouse.com\/"},{"@type":"ListItem","position":2,"name":"Termeni \u0219i condi\u021bii"}]},{"@type":"WebSite","@id":"https:\/\/twodoveshouse.com\/#website","url":"https:\/\/twodoveshouse.com\/","name":"Casa Doi Huluba\u0219i | Pohrebea","description":"Casa Doi Huluba\u0219i | Pohrebea","publisher":{"@id":"https:\/\/twodoveshouse.com\/#organization"},"potentialAction":[{"@type":"SearchAction","target":{"@type":"EntryPoint","urlTemplate":"https:\/\/twodoveshouse.com\/?s={search_term_string}"},"query-input":{"@type":"PropertyValueSpecification","valueRequired":true,"valueName":"search_term_string"}}],"inLanguage":"en-US"},{"@type":"Organization","@id":"https:\/\/twodoveshouse.com\/#organization","name":"Casa Doi Huluba\u0219i | Pohrebea","url":"https:\/\/twodoveshouse.com\/","logo":{"@type":"ImageObject","inLanguage":"en-US","@id":"https:\/\/twodoveshouse.com\/#\/schema\/logo\/image\/","url":"https:\/\/twodoveshouse.com\/wp-content\/uploads\/2025\/07\/EN_Vertical_Noir.svg","contentUrl":"https:\/\/twodoveshouse.com\/wp-content\/uploads\/2025\/07\/EN_Vertical_Noir.svg","width":577,"height":514,"caption":"Casa Doi Huluba\u0219i | Pohrebea"},"image":{"@id":"https:\/\/twodoveshouse.com\/#\/schema\/logo\/image\/"},"sameAs":["https:\/\/www.facebook.com\/twodoveshouse\/","https:\/\/www.instagram.com\/twodoveshouse\/"]}]}},"_links":{"self":[{"href":"https:\/\/twodoveshouse.com\/en\/wp-json\/wp\/v2\/pages\/1327","targetHints":{"allow":["GET"]}}],"collection":[{"href":"https:\/\/twodoveshouse.com\/en\/wp-json\/wp\/v2\/pages"}],"about":[{"href":"https:\/\/twodoveshouse.com\/en\/wp-json\/wp\/v2\/types\/page"}],"author":[{"embeddable":true,"href":"https:\/\/twodoveshouse.com\/en\/wp-json\/wp\/v2\/users\/1"}],"replies":[{"embeddable":true,"href":"https:\/\/twodoveshouse.com\/en\/wp-json\/wp\/v2\/comments?post=1327"}],"version-history":[{"count":30,"href":"https:\/\/twodoveshouse.com\/en\/wp-json\/wp\/v2\/pages\/1327\/revisions"}],"predecessor-version":[{"id":3547,"href":"https:\/\/twodoveshouse.com\/en\/wp-json\/wp\/v2\/pages\/1327\/revisions\/3547"}],"wp:attachment":[{"href":"https:\/\/twodoveshouse.com\/en\/wp-json\/wp\/v2\/media?parent=1327"}],"curies":[{"name":"wp","href":"https:\/\/api.w.org\/{rel}","templated":true}]}}